{"id":13766,"date":"2021-12-10T13:52:25","date_gmt":"2021-12-10T12:52:25","guid":{"rendered":"https:\/\/sitocarracedo.com\/produto\/higrotapon\/"},"modified":"2024-11-29T12:30:49","modified_gmt":"2024-11-29T11:30:49","slug":"higrotapon","status":"publish","type":"product","link":"https:\/\/sitocarracedo.com\/es\/produto\/higrotapon\/","title":{"rendered":"Higrotap\u00f3n"},"content":{"rendered":"<h3 class=\"kc_title\">\u00bfQu\u00e9 es el higrotap\u00f3n?<\/h3>\n<p style=\"text-align: justify;\">Despu\u00e9s de experimentar en el mundo de la gaita uno de los problemas que se encuentra es la sequedad y deformaci\u00f3n de la palleta debido a climas secos o locales acondicionados con calefacci\u00f3n y deshumificadores. La palleta es el primer elemento de la gaita que se expone a los contrastes de calor-fr\u00edo y humedad por la proximidad a los orificios del puntero (tambi\u00e9n estas condiciones de ambientes son enemigos de la madera y de los anhelados de la gaita, m\u00e1s si son met\u00e1licos).<\/p>\n<p style=\"text-align: justify;\">Una vez que se deja de tocar y que la palleta adquiri\u00f3 humedad , dependiendo de donde nos encontremos sufrir\u00e1 un contraste de temperatura y humedad aunque se mantenga cierto tempo con la humedad del fol. De lo que se trata entonces es de conservar la palleta frente a los contrastes de ambientes y humidificarla en caso de escasa humedad, pues como bien se sabe la ca\u00f1a es simplemente ca\u00f1a y muy sensible a todos estos cambios.<\/p>\n<p style=\"text-align: justify;\">El <strong>Higrotap\u00f3n<\/strong>, es un conservador y humidificador para la palleta. Consta de una varilla con un dep\u00f3sito interior donde va una mecha empapada en agua que tiene una salida por donde proporciona la humedad a la palleta. Va colocado dentro del puntero no llegando a tocar la palleta y adapt\u00e1ndose a las tonalidades: Re, Do, Si, La y tambi\u00e9n a la gaita asturiana, escocesa e toda gaita que se quiera de doble ca\u00f1a. A conicidad del mango y la sensibilidad del muelle hacen posible cualquier adaptaci\u00f3n.<\/p>\n","protected":false},"excerpt":{"rendered":"<p style=\"text-align: left;\" align=\"center\"><strong class=\"tt\">Higrotap\u00f3n para puntero de gaita<\/strong><br \/>\n<strong><span style=\"color: #cccccc;\">Mantiene la humedad de la palleta<\/span><\/strong><\/p>\n","protected":false},"featured_media":12951,"template":"","meta":{"_et_pb_use_builder":"","_et_pb_old_content":"<h3 class=\"kc_title\">\u00bfQu\u00e9 es el higrotap\u00f3n?<\/h3>\r\n<p style=\"text-align: justify;\">Despu\u00e9s de experimentar en el mundo de la gaita uno de los problemas que se encuentra es la sequedad y deformaci\u00f3n de la palleta debido a climas secos o locales acondicionados con calefacci\u00f3n y deshumificadores. La palleta es el primer elemento de la gaita que se expone a los contrastes de calor-fr\u00edo y humedad por la proximidad a los orificios del puntero (tambi\u00e9n estas condiciones de ambientes son enemigos de la madera y de los anhelados de la gaita, m\u00e1s si son met\u00e1licos).<\/p>\r\n<p style=\"text-align: justify;\">Una vez que se deja de tocar y que la palleta adquiri\u00f3 humedad , dependiendo de donde nos encontremos sufrir\u00e1 un contraste de temperatura y humedad aunque se mantenga cierto tempo con la humedad del fol. De lo que se trata entonces es de conservar la palleta frente a los contrastes de ambientes y humidificarla en caso de escasa humedad, pues como bien se sabe la ca\u00f1a es simplemente ca\u00f1a y muy sensible a todos estos cambios.<\/p>\r\n<p style=\"text-align: justify;\">El <strong>Higrotap\u00f3n<\/strong>, es un conservador y humidificador para la palleta. Consta de una varilla con un dep\u00f3sito interior donde va una mecha empapada en agua que tiene una salida por donde proporciona la humedad a la palleta. Va colocado dentro del puntero no llegando a tocar la palleta y adapt\u00e1ndose a las tonalidades: Re, Do, Si, La y tambi\u00e9n a la gaita asturiana, escocesa e toda gaita que se quiera de doble ca\u00f1a. A conicidad del mango y la sensibilidad del muelle hacen posible cualquier adaptaci\u00f3n.<\/p>","_et_gb_content_width":""},"product_brand":[],"product_cat":[143],"product_tag":[],"class_list":{"0":"post-13766","1":"product","2":"type-product","3":"status-publish","4":"has-post-thumbnail","6":"product_cat-accesorios-gaita","8":"first","9":"instock","10":"shipping-taxable","11":"purchasable","12":"product-type-simple"},"yoast_head":"<!-- This site is optimized with the Yoast SEO plugin v27.4 - https:\/\/yoast.com\/product\/yoast-seo-wordpress\/ -->\n<title>Higrotap\u00f3n | Sito Carracedo<\/title>\n<meta name=\"description\" content=\"Merca Higrotap\u00f3n de Sito Carracedo.\" \/>\n<meta name=\"robots\" content=\"index, follow, max-snippet:-1, max-image-preview:large, max-video-preview:-1\" \/>\n<link rel=\"canonical\" href=\"https:\/\/sitocarracedo.com\/es\/produto\/higrotapon\/\" \/>\n<meta property=\"og:locale\" content=\"es_ES\" \/>\n<meta property=\"og:type\" content=\"article\" \/>\n<meta property=\"og:title\" content=\"Higrotap\u00f3n | Sito Carracedo\" \/>\n<meta property=\"og:description\" content=\"Merca Higrotap\u00f3n de Sito Carracedo.\" \/>\n<meta property=\"og:url\" content=\"https:\/\/sitocarracedo.com\/es\/produto\/higrotapon\/\" \/>\n<meta property=\"og:site_name\" content=\"Sito Carracedo\" \/>\n<meta property=\"article:modified_time\" content=\"2024-11-29T11:30:49+00:00\" \/>\n<meta property=\"og:image\" content=\"https:\/\/sitocarracedo.com\/wp-content\/uploads\/2019\/06\/higrotapon-1.jpg\" \/>\n\t<meta property=\"og:image:width\" content=\"800\" \/>\n\t<meta property=\"og:image:height\" content=\"533\" \/>\n\t<meta property=\"og:image:type\" content=\"image\/jpeg\" \/>\n<meta name=\"twitter:card\" content=\"summary_large_image\" \/>\n<meta name=\"twitter:label1\" content=\"Tiempo de lectura\" \/>\n\t<meta name=\"twitter:data1\" content=\"1 minuto\" \/>\n<script type=\"application\/ld+json\" class=\"yoast-schema-graph\">{\"@context\":\"https:\\\/\\\/schema.org\",\"@graph\":[{\"@type\":\"WebPage\",\"@id\":\"https:\\\/\\\/sitocarracedo.com\\\/es\\\/produto\\\/higrotapon\\\/\",\"url\":\"https:\\\/\\\/sitocarracedo.com\\\/es\\\/produto\\\/higrotapon\\\/\",\"name\":\"Higrotap\u00f3n | Sito Carracedo\",\"isPartOf\":{\"@id\":\"https:\\\/\\\/sitocarracedo.com\\\/es\\\/#website\"},\"primaryImageOfPage\":{\"@id\":\"https:\\\/\\\/sitocarracedo.com\\\/es\\\/produto\\\/higrotapon\\\/#primaryimage\"},\"image\":{\"@id\":\"https:\\\/\\\/sitocarracedo.com\\\/es\\\/produto\\\/higrotapon\\\/#primaryimage\"},\"thumbnailUrl\":\"https:\\\/\\\/sitocarracedo.com\\\/wp-content\\\/uploads\\\/2019\\\/06\\\/higrotapon-1.jpg\",\"datePublished\":\"2021-12-10T12:52:25+00:00\",\"dateModified\":\"2024-11-29T11:30:49+00:00\",\"description\":\"Merca Higrotap\u00f3n de Sito Carracedo.\",\"breadcrumb\":{\"@id\":\"https:\\\/\\\/sitocarracedo.com\\\/es\\\/produto\\\/higrotapon\\\/#breadcrumb\"},\"inLanguage\":\"es\",\"potentialAction\":[{\"@type\":\"ReadAction\",\"target\":[\"https:\\\/\\\/sitocarracedo.com\\\/es\\\/produto\\\/higrotapon\\\/\"]}]},{\"@type\":\"ImageObject\",\"inLanguage\":\"es\",\"@id\":\"https:\\\/\\\/sitocarracedo.com\\\/es\\\/produto\\\/higrotapon\\\/#primaryimage\",\"url\":\"https:\\\/\\\/sitocarracedo.com\\\/wp-content\\\/uploads\\\/2019\\\/06\\\/higrotapon-1.jpg\",\"contentUrl\":\"https:\\\/\\\/sitocarracedo.com\\\/wp-content\\\/uploads\\\/2019\\\/06\\\/higrotapon-1.jpg\",\"width\":800,\"height\":533},{\"@type\":\"BreadcrumbList\",\"@id\":\"https:\\\/\\\/sitocarracedo.com\\\/es\\\/produto\\\/higrotapon\\\/#breadcrumb\",\"itemListElement\":[{\"@type\":\"ListItem\",\"position\":1,\"name\":\"Portada\",\"item\":\"https:\\\/\\\/sitocarracedo.com\\\/es\\\/\"},{\"@type\":\"ListItem\",\"position\":2,\"name\":\"Tienda\",\"item\":\"https:\\\/\\\/sitocarracedo.com\\\/es\\\/catalogo\\\/\"},{\"@type\":\"ListItem\",\"position\":3,\"name\":\"Higrotap\u00f3n\"}]},{\"@type\":\"WebSite\",\"@id\":\"https:\\\/\\\/sitocarracedo.com\\\/es\\\/#website\",\"url\":\"https:\\\/\\\/sitocarracedo.com\\\/es\\\/\",\"name\":\"Sito Carracedo\",\"description\":\"Artesano Gallego\",\"publisher\":{\"@id\":\"https:\\\/\\\/sitocarracedo.com\\\/es\\\/#organization\"},\"potentialAction\":[{\"@type\":\"SearchAction\",\"target\":{\"@type\":\"EntryPoint\",\"urlTemplate\":\"https:\\\/\\\/sitocarracedo.com\\\/es\\\/?s={search_term_string}\"},\"query-input\":{\"@type\":\"PropertyValueSpecification\",\"valueRequired\":true,\"valueName\":\"search_term_string\"}}],\"inLanguage\":\"es\"},{\"@type\":\"Organization\",\"@id\":\"https:\\\/\\\/sitocarracedo.com\\\/es\\\/#organization\",\"name\":\"Sito Carracedo\",\"url\":\"https:\\\/\\\/sitocarracedo.com\\\/es\\\/\",\"logo\":{\"@type\":\"ImageObject\",\"inLanguage\":\"es\",\"@id\":\"https:\\\/\\\/sitocarracedo.com\\\/es\\\/#\\\/schema\\\/logo\\\/image\\\/\",\"url\":\"https:\\\/\\\/sitocarracedo.com\\\/wp-content\\\/uploads\\\/2020\\\/08\\\/icono-sitocarracedo.png\",\"contentUrl\":\"https:\\\/\\\/sitocarracedo.com\\\/wp-content\\\/uploads\\\/2020\\\/08\\\/icono-sitocarracedo.png\",\"width\":100,\"height\":100,\"caption\":\"Sito Carracedo\"},\"image\":{\"@id\":\"https:\\\/\\\/sitocarracedo.com\\\/es\\\/#\\\/schema\\\/logo\\\/image\\\/\"}}]}<\/script>\n<!-- \/ Yoast SEO plugin. -->","yoast_head_json":{"title":"Higrotap\u00f3n | Sito Carracedo","description":"Merca Higrotap\u00f3n de Sito Carracedo.","robots":{"index":"index","follow":"follow","max-snippet":"max-snippet:-1","max-image-preview":"max-image-preview:large","max-video-preview":"max-video-preview:-1"},"canonical":"https:\/\/sitocarracedo.com\/es\/produto\/higrotapon\/","og_locale":"es_ES","og_type":"article","og_title":"Higrotap\u00f3n | Sito Carracedo","og_description":"Merca Higrotap\u00f3n de Sito Carracedo.","og_url":"https:\/\/sitocarracedo.com\/es\/produto\/higrotapon\/","og_site_name":"Sito Carracedo","article_modified_time":"2024-11-29T11:30:49+00:00","og_image":[{"width":800,"height":533,"url":"https:\/\/sitocarracedo.com\/wp-content\/uploads\/2019\/06\/higrotapon-1.jpg","type":"image\/jpeg"}],"twitter_card":"summary_large_image","twitter_misc":{"Tiempo de lectura":"1 minuto"},"schema":{"@context":"https:\/\/schema.org","@graph":[{"@type":"WebPage","@id":"https:\/\/sitocarracedo.com\/es\/produto\/higrotapon\/","url":"https:\/\/sitocarracedo.com\/es\/produto\/higrotapon\/","name":"Higrotap\u00f3n | Sito Carracedo","isPartOf":{"@id":"https:\/\/sitocarracedo.com\/es\/#website"},"primaryImageOfPage":{"@id":"https:\/\/sitocarracedo.com\/es\/produto\/higrotapon\/#primaryimage"},"image":{"@id":"https:\/\/sitocarracedo.com\/es\/produto\/higrotapon\/#primaryimage"},"thumbnailUrl":"https:\/\/sitocarracedo.com\/wp-content\/uploads\/2019\/06\/higrotapon-1.jpg","datePublished":"2021-12-10T12:52:25+00:00","dateModified":"2024-11-29T11:30:49+00:00","description":"Merca Higrotap\u00f3n de Sito Carracedo.","breadcrumb":{"@id":"https:\/\/sitocarracedo.com\/es\/produto\/higrotapon\/#breadcrumb"},"inLanguage":"es","potentialAction":[{"@type":"ReadAction","target":["https:\/\/sitocarracedo.com\/es\/produto\/higrotapon\/"]}]},{"@type":"ImageObject","inLanguage":"es","@id":"https:\/\/sitocarracedo.com\/es\/produto\/higrotapon\/#primaryimage","url":"https:\/\/sitocarracedo.com\/wp-content\/uploads\/2019\/06\/higrotapon-1.jpg","contentUrl":"https:\/\/sitocarracedo.com\/wp-content\/uploads\/2019\/06\/higrotapon-1.jpg","width":800,"height":533},{"@type":"BreadcrumbList","@id":"https:\/\/sitocarracedo.com\/es\/produto\/higrotapon\/#breadcrumb","itemListElement":[{"@type":"ListItem","position":1,"name":"Portada","item":"https:\/\/sitocarracedo.com\/es\/"},{"@type":"ListItem","position":2,"name":"Tienda","item":"https:\/\/sitocarracedo.com\/es\/catalogo\/"},{"@type":"ListItem","position":3,"name":"Higrotap\u00f3n"}]},{"@type":"WebSite","@id":"https:\/\/sitocarracedo.com\/es\/#website","url":"https:\/\/sitocarracedo.com\/es\/","name":"Sito Carracedo","description":"Artesano Gallego","publisher":{"@id":"https:\/\/sitocarracedo.com\/es\/#organization"},"potentialAction":[{"@type":"SearchAction","target":{"@type":"EntryPoint","urlTemplate":"https:\/\/sitocarracedo.com\/es\/?s={search_term_string}"},"query-input":{"@type":"PropertyValueSpecification","valueRequired":true,"valueName":"search_term_string"}}],"inLanguage":"es"},{"@type":"Organization","@id":"https:\/\/sitocarracedo.com\/es\/#organization","name":"Sito Carracedo","url":"https:\/\/sitocarracedo.com\/es\/","logo":{"@type":"ImageObject","inLanguage":"es","@id":"https:\/\/sitocarracedo.com\/es\/#\/schema\/logo\/image\/","url":"https:\/\/sitocarracedo.com\/wp-content\/uploads\/2020\/08\/icono-sitocarracedo.png","contentUrl":"https:\/\/sitocarracedo.com\/wp-content\/uploads\/2020\/08\/icono-sitocarracedo.png","width":100,"height":100,"caption":"Sito Carracedo"},"image":{"@id":"https:\/\/sitocarracedo.com\/es\/#\/schema\/logo\/image\/"}}]}},"_links":{"self":[{"href":"https:\/\/sitocarracedo.com\/es\/wp-json\/wp\/v2\/product\/13766","targetHints":{"allow":["GET"]}}],"collection":[{"href":"https:\/\/sitocarracedo.com\/es\/wp-json\/wp\/v2\/product"}],"about":[{"href":"https:\/\/sitocarracedo.com\/es\/wp-json\/wp\/v2\/types\/product"}],"wp:featuredmedia":[{"embeddable":true,"href":"https:\/\/sitocarracedo.com\/es\/wp-json\/wp\/v2\/media\/12951"}],"wp:attachment":[{"href":"https:\/\/sitocarracedo.com\/es\/wp-json\/wp\/v2\/media?parent=13766"}],"wp:term":[{"taxonomy":"product_brand","embeddable":true,"href":"https:\/\/sitocarracedo.com\/es\/wp-json\/wp\/v2\/product_brand?post=13766"},{"taxonomy":"product_cat","embeddable":true,"href":"https:\/\/sitocarracedo.com\/es\/wp-json\/wp\/v2\/product_cat?post=13766"},{"taxonomy":"product_tag","embeddable":true,"href":"https:\/\/sitocarracedo.com\/es\/wp-json\/wp\/v2\/product_tag?post=13766"}],"curies":[{"name":"wp","href":"https:\/\/api.w.org\/{rel}","templated":true}]}}