{"id":2295,"date":"2019-06-13T15:20:19","date_gmt":"2019-06-13T15:20:19","guid":{"rendered":"https:\/\/sitocarracedo.com\/?page_id=2295"},"modified":"2023-01-10T12:01:34","modified_gmt":"2023-01-10T11:01:34","slug":"peitoques","status":"publish","type":"page","link":"https:\/\/sitocarracedo.com\/es\/peitoques\/","title":{"rendered":"Peitoques"},"content":{"rendered":"<p>[et_pb_section fb_built=\u00bb1&#8243; admin_label=\u00bbsection\u00bb _builder_version=\u00bb4.16&#8243; global_colors_info=\u00bb{}\u00bb][et_pb_row admin_label=\u00bbrow\u00bb _builder_version=\u00bb4.16&#8243; background_size=\u00bbinitial\u00bb background_position=\u00bbtop_left\u00bb background_repeat=\u00bbrepeat\u00bb global_colors_info=\u00bb{}\u00bb][et_pb_column type=\u00bb4_4&#8243; _builder_version=\u00bb4.16&#8243; custom_padding=\u00bb|||\u00bb global_colors_info=\u00bb{}\u00bb custom_padding__hover=\u00bb|||\u00bb][et_pb_text admin_label=\u00bbText\u00bb _builder_version=\u00bb4.18.0&#8243; header_font=\u00bbMontserrat|||on|||||\u00bb header_text_align=\u00bbcenter\u00bb header_font_size=\u00bb39px\u00bb background_size=\u00bbinitial\u00bb background_position=\u00bbtop_left\u00bb background_repeat=\u00bbrepeat\u00bb global_colors_info=\u00bb{}\u00bb]<\/p>\n<h1>Peitoques<\/h1>\n<p>[\/et_pb_text][\/et_pb_column][\/et_pb_row][\/et_pb_section][et_pb_section fb_built=\u00bb1&#8243; admin_label=\u00bbsection\u00bb _builder_version=\u00bb4.18.0&#8243; background_color=\u00bb#f2f2f2&#8243; global_colors_info=\u00bb{}\u00bb][et_pb_row column_structure=\u00bb1_2,1_2&#8243; admin_label=\u00bbrow\u00bb _builder_version=\u00bb4.18.0&#8243; background_size=\u00bbinitial\u00bb background_position=\u00bbtop_left\u00bb background_repeat=\u00bbrepeat\u00bb global_colors_info=\u00bb{}\u00bb][et_pb_column type=\u00bb1_2&#8243; _builder_version=\u00bb4.18.0&#8243; custom_padding=\u00bb|||\u00bb global_colors_info=\u00bb{}\u00bb custom_padding__hover=\u00bb|||\u00bb][et_pb_text admin_label=\u00bbText\u00bb _builder_version=\u00bb4.18.0&#8243; header_5_font=\u00bb|||on|||||\u00bb header_5_font_size=\u00bb22px\u00bb header_5_line_height=\u00bb2em\u00bb global_colors_info=\u00bb{}\u00bb header_2_font=\u00bb|600||on|||||\u00bb header_2_font_size=\u00bb22px\u00bb background_size=\u00bbinitial\u00bb background_position=\u00bbtop_left\u00bb background_repeat=\u00bbrepeat\u00bb header_2_line_height=\u00bb1.6em\u00bb hover_enabled=\u00bb0&#8243; sticky_enabled=\u00bb0&#8243;]<\/p>\n<h2>Descripci\u00f3n<\/h2>\n<p style=\"text-align: justify;\">Instrumento de percusi\u00f3n que est\u00e1 pensado para colgarlo del cuello y percutir con las manos. Consta de dos piezas redondas de madera; la parte delantera donde percutiremos y la parte trasera que hace base en el t\u00f3rax, actuando corno una caja de resonancia. Produce un sonido semejante a la casta\u00f1uela.<\/p>\n<h2>Posibilidades y t\u00e9cnicas b\u00e1sicas<\/h2>\n<p style=\"text-align: justify;\">Podernos diferenciar, seg\u00fan como percutamos, tres sonidos b\u00e1sicos: medios, graves y agudos. Si percutimos con los dedos de manera perpendicular y en la mitad inferior, conseguiremos un sonido medio. Si percutimos cubri\u00e9ndolo completamente con la palma de la mano, el sonido ser\u00e1 m\u00e1s grave. Y para producir un sonido m\u00e1s agudo, percutiremos con los dedos de una manera diagonal al peitoque, busc\u00e1ndole el canto.<\/p>\n<p>[\/et_pb_text][\/et_pb_column][et_pb_column type=\u00bb1_2&#8243; _builder_version=\u00bb4.16&#8243; custom_padding=\u00bb|||\u00bb global_colors_info=\u00bb{}\u00bb custom_padding__hover=\u00bb|||\u00bb][et_pb_text admin_label=\u00bbText\u00bb _builder_version=\u00bb4.18.0&#8243; header_5_font=\u00bb|||on|||||\u00bb header_5_font_size=\u00bb22px\u00bb header_5_line_height=\u00bb2em\u00bb global_colors_info=\u00bb{}\u00bb header_2_font=\u00bb|600||on|||||\u00bb header_2_font_size=\u00bb22px\u00bb header_2_line_height=\u00bb1.6em\u00bb background_size=\u00bbinitial\u00bb background_position=\u00bbtop_left\u00bb background_repeat=\u00bbrepeat\u00bb hover_enabled=\u00bb0&#8243; sticky_enabled=\u00bb0&#8243;]<\/p>\n<h2>Colocaci\u00f3n<\/h2>\n<p style=\"text-align: justify;\">Ajustaremos la altura del peitoque de tal modo que nos quede a cuatro dedos por debajo de la clav\u00edcula aproxi-madamente (la posici\u00f3n debe tener una base estable para percutir). Para eso cogeremos las bolitas con una mano y con la otra deslizaremos el peitoque a lo largo del cord\u00f3n.<\/p>\n<p style=\"text-align: justify;\">El regulador es el tornillo que vemos en la parte superior de la base y nos vale para regular la distancia entre las dos piezas. Utilizaremos la llave allen que acompa\u00f1a al instrumento.<\/p>\n<h2>Mantenimiento<\/h2>\n<p style=\"text-align: justify;\">Es posible que el instrumento deje de funcionar de manera \u00f3ptima a causa de suciedad que se va incrus-tando en el bisel. Se soluciona soltando los nudos de la parte trasera (donde termina la goma) con una aguja u objeto punzante, con el fin de separar las dos piezas del peitoque y poder retirar la suciedad.<br \/>Tambi\u00e9n es posible que la goma pierda tensi\u00f3n y\/o vaya cediendo con el uso. Conseguiremos m\u00e1s tensi\u00f3n soltando la goma cuino indicamos en el p\u00e1rrafo anterior, y estir\u00e1ndola hasta el siguiente agujero, sin olvidarnos de que la goma discurra por su canal.<a href=\"https:\/\/sitocarracedo.com\/es\/categoria-producto\/peitoques\/\"><span class=\"creative_title\"><\/span><span class=\"creative_icon creative_icon_right\"> <\/span> <\/a><\/p>\n<p>[\/et_pb_text][\/et_pb_column][\/et_pb_row][\/et_pb_section][et_pb_section fb_built=\u00bb1&#8243; admin_label=\u00bbsection\u00bb _builder_version=\u00bb4.16&#8243; global_colors_info=\u00bb{}\u00bb][et_pb_row admin_label=\u00bbrow\u00bb _builder_version=\u00bb4.16&#8243; background_size=\u00bbinitial\u00bb background_position=\u00bbtop_left\u00bb background_repeat=\u00bbrepeat\u00bb global_colors_info=\u00bb{}\u00bb][et_pb_column type=\u00bb4_4&#8243; _builder_version=\u00bb4.16&#8243; custom_padding=\u00bb|||\u00bb global_colors_info=\u00bb{}\u00bb custom_padding__hover=\u00bb|||\u00bb][et_pb_text admin_label=\u00bbText\u00bb _builder_version=\u00bb4.18.0&#8243; header_font=\u00bbMontserrat|||on|||||\u00bb header_text_align=\u00bbcenter\u00bb header_font_size=\u00bb39px\u00bb header_2_font=\u00bb|||on|||||\u00bb header_2_text_align=\u00bbcenter\u00bb header_2_font_size=\u00bb39px\u00bb background_size=\u00bbinitial\u00bb background_position=\u00bbtop_left\u00bb background_repeat=\u00bbrepeat\u00bb global_colors_info=\u00bb{}\u00bb]<\/p>\n<h2>compra un Peitoque<\/h2>\n<p>[\/et_pb_text][et_pb_button button_url=\u00bbhttps:\/\/sitocarracedo.com\/es\/categoria-producto\/peitoques\/\u00bb button_text=\u00bbCOMPRAR\u00bb button_alignment=\u00bbcenter\u00bb _builder_version=\u00bb4.18.0&#8243; _module_preset=\u00bbdefault\u00bb global_colors_info=\u00bb{}\u00bb][\/et_pb_button][\/et_pb_column][\/et_pb_row][\/et_pb_section]<\/p>\n","protected":false},"excerpt":{"rendered":"<p>PeitoquesDescripci\u00f3n Instrumento de percusi\u00f3n que est\u00e1 pensado para colgarlo del cuello y percutir con las manos. Consta de dos piezas redondas de madera; la parte delantera donde percutiremos y la parte trasera que hace base en el t\u00f3rax, actuando corno una caja de resonancia. Produce un sonido semejante a la casta\u00f1uela. Posibilidades y t\u00e9cnicas b\u00e1sicas [&hellip;]<\/p>\n","protected":false},"author":1,"featured_media":0,"parent":0,"menu_order":0,"comment_status":"closed","ping_status":"closed","template":"","meta":{"_et_pb_use_builder":"on","_et_pb_old_content":"<style type=\"text\/css\">@media only screen and (min-width: 1000px) and (max-width: 5000px){body.kc-css-system .kc-css-3661528{width: 6%;}body.kc-css-system .kc-css-363506{width: 88%;}body.kc-css-system .kc-css-1206630{width: 50%;}body.kc-css-system .kc-css-2277559{width: 50%;}body.kc-css-system .kc-css-2885260{width: 6%;}}body.kc-css-system .kc-css-4010756{padding-top: 50px;padding-bottom: 50px;}body.kc-css-system .kc-css-1481380.kc_title,body.kc-css-system .kc-css-1481380 .kc_title,body.kc-css-system .kc-css-1481380 .kc_title a.kc_title_link{color: #000000;font-family: Montserrat;font-size: 40px;font-weight: 400;line-height: 45px;letter-spacing: 4px;text-transform: uppercase;text-align: center;}body.kc-css-system .kc-css-979443{background: linear-gradient(rgba(217, 217, 217, 0.47), rgba(217, 217, 217, 0.47)), rgba(249, 249, 249, 0.49) url(https:\/\/sitocarracedo.com\/wp-admin\/admin-ajax.php?action=kc_get_thumbn&type=filter_url&id=%2Fwp-content%2Fuploads%2F2019%2F03%2Fslider2-1024x574.jpg) center center\/cover repeat fixed;padding-top: 70px;padding-bottom: 70px;}.kc-css-1594426 >.kc_column_inner,.kc-css-1594426 >div>.kc_column_inner{padding-left: 35px;padding-right: 35px;}.kc-css-1594426>.kc-wrap-columns{margin-left: -35px;margin-right: -35px;width: calc(100% + 70px);}body.kc-css-system .kc-css-281578 ,body.kc-css-system .kc-css-281578 p{font-family: Josefin Sans;font-size: 16px;line-height: 30px;font-weight: 300;text-align: justify;}body.kc-css-system .kc-css-281578{padding-top: 14px;padding-bottom: 0px;}body.kc-css-system .kc-css-281578 p{margin-top: 0px;margin-bottom: 0px;}body.kc-css-system .kc-css-2609757 ,body.kc-css-system .kc-css-2609757 p{font-family: Josefin Sans;font-size: 16px;line-height: 30px;font-weight: 300;text-align: justify;}body.kc-css-system .kc-css-2609757{padding-top: 14px;padding-bottom: 0px;}body.kc-css-system .kc-css-2609757 p{margin-top: 0px;margin-bottom: 0px;}body.kc-css-system .kc-css-2994349 ,body.kc-css-system .kc-css-2994349 p{font-family: Josefin Sans;font-size: 16px;line-height: 30px;font-weight: 300;text-align: justify;}body.kc-css-system .kc-css-2994349{padding-top: 14px;padding-bottom: 0px;}body.kc-css-system .kc-css-2994349 p{margin-top: 0px;margin-bottom: 0px;}body.kc-css-system .kc-css-2135994 ,body.kc-css-system .kc-css-2135994 p{font-family: Josefin Sans;font-size: 16px;line-height: 30px;font-weight: 300;text-align: justify;}body.kc-css-system .kc-css-2135994{padding-top: 14px;padding-bottom: 0px;}body.kc-css-system .kc-css-2135994 p{margin-top: 0px;margin-bottom: 0px;}body.kc-css-system .kc-css-3347440{padding-top: 70px;}body.kc-css-system .kc-css-4260491.kc_title,body.kc-css-system .kc-css-4260491 .kc_title,body.kc-css-system .kc-css-4260491 .kc_title a.kc_title_link{color: #000000;font-family: Montserrat;font-size: 40px;font-weight: 400;line-height: 45px;letter-spacing: 4px;text-transform: uppercase;text-align: center;padding-top: 0px;padding-bottom: 0px;margin-top: 0px;margin-bottom: 0px;}body.kc-css-system .kc-css-1245161 .divider_inner{border-style: none;}body.kc-css-system .kc-css-4163712 .divider_inner{border-style: none;}body.kc-css-system .kc-css-541648 a{font-weight: 800;}body.kc-css-system .kc-css-541648{text-align: center;}<\/style><section class=\"kc-elm kc-css-4010756 kc_row\"><div class=\"kc-row-container  kc-container\"><div class=\"kc-wrap-columns\"><div class=\"kc-elm kc-css-1516577 kc_col-sm-12 kc_column kc_col-sm-12\"><div class=\"kc-col-container\">\n<div class=\"kc-elm kc-css-1481380 kc-title-wrap \">\n\n\t<h1 class=\"kc_title\">Peitoques<\/h1>\n<\/div>\n<\/div><\/div><\/div><\/div><\/section><section class=\"kc-elm kc-css-979443 kc_row\"><div class=\"kc-row-container  kc-container\"><div class=\"kc-wrap-columns\"><div class=\"kc-elm kc-css-3661528 kc_col-sm-1 kc_column kc_col-sm-1\"><div class=\"kc-col-container\"><\/div><\/div><div class=\"kc-elm kc-css-363506 kc_col-sm-11 kc_column kc_col-sm-11\"><div class=\"kc-col-container\"><div class=\"kc-elm kc-css-1594426 kc_row kc_row_inner\"><div class=\"kc-elm kc-css-1206630 kc_col-sm-6 kc_column_inner kc_col-sm-6\"><div class=\"kc_wrapper kc-col-inner-container\"><div class=\"kc-elm kc-css-281578 kc_text_block\"><h5><strong>Descripci\u00f3n<\/strong><\/h5>\n<p style=\"text-align: justify;\">Instrumento de percusi\u00f3n que est\u00e1 pensado para colgarlo del cuello y percutir con las manos. Consta de dos piezas redondas de madera; la parte delantera donde percutiremos y la parte trasera que hace base en el t\u00f3rax, actuando corno una caja de resonancia. Produce un sonido semejante a la casta\u00f1uela.<\/p>\n<\/div><div class=\"kc-elm kc-css-1290716\" style=\"height: 20px; clear: both; width:100%;\"><\/div><div class=\"kc-elm kc-css-2609757 kc_text_block\"><h5><strong>Posibilidades y t\u00e9cnicas b\u00e1sicas<\/strong><\/h5>\n<p style=\"text-align: justify;\">Podernos diferenciar, seg\u00fan como percutamos, tres sonidos b\u00e1sicos: medios, graves y agudos. Si percutimos con los dedos de manera perpendicular y en la mitad inferior, conseguiremos un sonido medio. Si percutimos cubri\u00e9ndolo completamente con la palma de la mano, el sonido ser\u00e1 m\u00e1s grave. Y para producir un sonido m\u00e1s agudo, percutiremos con los dedos de una manera diagonal al peitoque, busc\u00e1ndole el canto.<\/p>\n<\/div><\/div><\/div><div class=\"kc-elm kc-css-2277559 kc_col-sm-6 kc_column_inner kc_col-sm-6\"><div class=\"kc_wrapper kc-col-inner-container\"><div class=\"kc-elm kc-css-2994349 kc_text_block\"><h5 style=\"text-align: justify;\"><strong>Colocaci\u00f3n<\/strong><\/h5>\n<p style=\"text-align: justify;\">Ajustaremos la altura del peitoque de tal modo que nos quede a cuatro dedos por debajo de la clav\u00edcula aproxi-madamente (la posici\u00f3n debe tener una base estable para percutir). Para eso cogeremos las bolitas con una mano y con la otra deslizaremos el peitoque a lo largo del cord\u00f3n.<\/p>\n<p style=\"text-align: justify;\">El regulador es el tornillo que vemos en la parte superior de la base y nos vale para regular la distancia entre las dos piezas. Utilizaremos la llave allen que acompa\u00f1a al instrumento.<\/p>\n<\/div><div class=\"kc-elm kc-css-2390932\" style=\"height: 20px; clear: both; width:100%;\"><\/div><div class=\"kc-elm kc-css-2135994 kc_text_block\"><h5><strong>Mantenimiento<\/strong><\/h5>\n<p style=\"text-align: justify;\">Es posible que el instrumento deje de funcionar de manera \u00f3ptima a causa de suciedad que se va incrus-tando en el bisel. Se soluciona soltando los nudos de la parte trasera (donde termina la goma) con una aguja u objeto punzante, con el fin de separar las dos piezas del peitoque y poder retirar la suciedad.<br \/>Tambi\u00e9n es posible que la goma pierda tensi\u00f3n y\/o vaya cediendo con el uso. Conseguiremos m\u00e1s tensi\u00f3n soltando la goma cuino indicamos en el p\u00e1rrafo anterior, y estir\u00e1ndola hasta el siguiente agujero, sin olvidarnos de que la goma discurra por su canal.<\/p>\n<\/div><\/div><\/div><\/div><\/div><\/div><div class=\"kc-elm kc-css-2885260 kc_col-sm-1 kc_column kc_col-sm-1\"><div class=\"kc-col-container\"><\/div><\/div><\/div><\/div><\/section><section class=\"kc-elm kc-css-3347440 kc_row\"><div class=\"kc-row-container  kc-container\"><div class=\"kc-wrap-columns\"><div class=\"kc-elm kc-css-1296021 kc_col-sm-12 kc_column kc_col-sm-12\"><div class=\"kc-col-container\">\n<div class=\"kc-elm kc-css-4260491 kc-title-wrap \">\n\n\t<h1 class=\"kc_title\">compra un peitoque<\/h1>\n<\/div>\n\n<div class=\"kc-elm kc-css-1245161 divider_line\">\n\t<div class=\"divider_inner divider_line1\">\n\t\t\t<\/div>\n<\/div>\n\n<div class=\"kc-elm kc-css-4163712 divider_line\">\n\t<div class=\"divider_inner divider_line1\">\n\t\t\t<\/div>\n<\/div>\n\n<div class=\"kc-elm kc-css-541648 kc-pro-button kc-button-1\">\n\t<a href=\"https:\/\/sitocarracedo.com\/es\/categoria-producto\/peitoques\/\">\n\t\t<span class=\"creative_title\">COMPRAR<\/span> <span class=\"creative_icon creative_icon_right\"> <i class=\"fa-cart-plus\"><\/i> <\/span>\t<\/a>\n<\/div>\n<\/div><\/div><\/div><\/div><\/section>","_et_gb_content_width":"","footnotes":""},"class_list":["post-2295","page","type-page","status-publish","hentry"],"yoast_head":"<!-- This site is optimized with the Yoast SEO plugin v27.4 - https:\/\/yoast.com\/product\/yoast-seo-wordpress\/ -->\n<title>Peitoques - Sito Carracedo<\/title>\n<meta name=\"robots\" content=\"index, follow, max-snippet:-1, max-image-preview:large, max-video-preview:-1\" \/>\n<link rel=\"canonical\" href=\"https:\/\/sitocarracedo.com\/es\/peitoques\/\" \/>\n<meta property=\"og:locale\" content=\"es_ES\" \/>\n<meta property=\"og:type\" content=\"article\" \/>\n<meta property=\"og:title\" content=\"Peitoques - Sito Carracedo\" \/>\n<meta property=\"og:description\" content=\"PeitoquesDescripci\u00f3n Instrumento de percusi\u00f3n que est\u00e1 pensado para colgarlo del cuello y percutir con las manos. Consta de dos piezas redondas de madera; la parte delantera donde percutiremos y la parte trasera que hace base en el t\u00f3rax, actuando corno una caja de resonancia. Produce un sonido semejante a la casta\u00f1uela. Posibilidades y t\u00e9cnicas b\u00e1sicas [&hellip;]\" \/>\n<meta property=\"og:url\" content=\"https:\/\/sitocarracedo.com\/es\/peitoques\/\" \/>\n<meta property=\"og:site_name\" content=\"Sito Carracedo\" \/>\n<meta property=\"article:modified_time\" content=\"2023-01-10T11:01:34+00:00\" \/>\n<meta name=\"twitter:card\" content=\"summary_large_image\" \/>\n<meta name=\"twitter:label1\" content=\"Tiempo de lectura\" \/>\n\t<meta name=\"twitter:data1\" content=\"4 minutos\" \/>\n<script type=\"application\/ld+json\" class=\"yoast-schema-graph\">{\"@context\":\"https:\\\/\\\/schema.org\",\"@graph\":[{\"@type\":\"WebPage\",\"@id\":\"https:\\\/\\\/sitocarracedo.com\\\/es\\\/peitoques\\\/\",\"url\":\"https:\\\/\\\/sitocarracedo.com\\\/es\\\/peitoques\\\/\",\"name\":\"Peitoques - Sito Carracedo\",\"isPartOf\":{\"@id\":\"https:\\\/\\\/sitocarracedo.com\\\/es\\\/#website\"},\"datePublished\":\"2019-06-13T15:20:19+00:00\",\"dateModified\":\"2023-01-10T11:01:34+00:00\",\"breadcrumb\":{\"@id\":\"https:\\\/\\\/sitocarracedo.com\\\/es\\\/peitoques\\\/#breadcrumb\"},\"inLanguage\":\"es\",\"potentialAction\":[{\"@type\":\"ReadAction\",\"target\":[\"https:\\\/\\\/sitocarracedo.com\\\/es\\\/peitoques\\\/\"]}]},{\"@type\":\"BreadcrumbList\",\"@id\":\"https:\\\/\\\/sitocarracedo.com\\\/es\\\/peitoques\\\/#breadcrumb\",\"itemListElement\":[{\"@type\":\"ListItem\",\"position\":1,\"name\":\"Portada\",\"item\":\"https:\\\/\\\/sitocarracedo.com\\\/es\\\/\"},{\"@type\":\"ListItem\",\"position\":2,\"name\":\"Peitoques\"}]},{\"@type\":\"WebSite\",\"@id\":\"https:\\\/\\\/sitocarracedo.com\\\/es\\\/#website\",\"url\":\"https:\\\/\\\/sitocarracedo.com\\\/es\\\/\",\"name\":\"Sito Carracedo\",\"description\":\"Artesano Gallego\",\"publisher\":{\"@id\":\"https:\\\/\\\/sitocarracedo.com\\\/es\\\/#organization\"},\"potentialAction\":[{\"@type\":\"SearchAction\",\"target\":{\"@type\":\"EntryPoint\",\"urlTemplate\":\"https:\\\/\\\/sitocarracedo.com\\\/es\\\/?s={search_term_string}\"},\"query-input\":{\"@type\":\"PropertyValueSpecification\",\"valueRequired\":true,\"valueName\":\"search_term_string\"}}],\"inLanguage\":\"es\"},{\"@type\":\"Organization\",\"@id\":\"https:\\\/\\\/sitocarracedo.com\\\/es\\\/#organization\",\"name\":\"Sito Carracedo\",\"url\":\"https:\\\/\\\/sitocarracedo.com\\\/es\\\/\",\"logo\":{\"@type\":\"ImageObject\",\"inLanguage\":\"es\",\"@id\":\"https:\\\/\\\/sitocarracedo.com\\\/es\\\/#\\\/schema\\\/logo\\\/image\\\/\",\"url\":\"https:\\\/\\\/sitocarracedo.com\\\/wp-content\\\/uploads\\\/2020\\\/08\\\/icono-sitocarracedo.png\",\"contentUrl\":\"https:\\\/\\\/sitocarracedo.com\\\/wp-content\\\/uploads\\\/2020\\\/08\\\/icono-sitocarracedo.png\",\"width\":100,\"height\":100,\"caption\":\"Sito Carracedo\"},\"image\":{\"@id\":\"https:\\\/\\\/sitocarracedo.com\\\/es\\\/#\\\/schema\\\/logo\\\/image\\\/\"}}]}<\/script>\n<!-- \/ Yoast SEO plugin. -->","yoast_head_json":{"title":"Peitoques - Sito Carracedo","robots":{"index":"index","follow":"follow","max-snippet":"max-snippet:-1","max-image-preview":"max-image-preview:large","max-video-preview":"max-video-preview:-1"},"canonical":"https:\/\/sitocarracedo.com\/es\/peitoques\/","og_locale":"es_ES","og_type":"article","og_title":"Peitoques - Sito Carracedo","og_description":"PeitoquesDescripci\u00f3n Instrumento de percusi\u00f3n que est\u00e1 pensado para colgarlo del cuello y percutir con las manos. Consta de dos piezas redondas de madera; la parte delantera donde percutiremos y la parte trasera que hace base en el t\u00f3rax, actuando corno una caja de resonancia. Produce un sonido semejante a la casta\u00f1uela. Posibilidades y t\u00e9cnicas b\u00e1sicas [&hellip;]","og_url":"https:\/\/sitocarracedo.com\/es\/peitoques\/","og_site_name":"Sito Carracedo","article_modified_time":"2023-01-10T11:01:34+00:00","twitter_card":"summary_large_image","twitter_misc":{"Tiempo de lectura":"4 minutos"},"schema":{"@context":"https:\/\/schema.org","@graph":[{"@type":"WebPage","@id":"https:\/\/sitocarracedo.com\/es\/peitoques\/","url":"https:\/\/sitocarracedo.com\/es\/peitoques\/","name":"Peitoques - Sito Carracedo","isPartOf":{"@id":"https:\/\/sitocarracedo.com\/es\/#website"},"datePublished":"2019-06-13T15:20:19+00:00","dateModified":"2023-01-10T11:01:34+00:00","breadcrumb":{"@id":"https:\/\/sitocarracedo.com\/es\/peitoques\/#breadcrumb"},"inLanguage":"es","potentialAction":[{"@type":"ReadAction","target":["https:\/\/sitocarracedo.com\/es\/peitoques\/"]}]},{"@type":"BreadcrumbList","@id":"https:\/\/sitocarracedo.com\/es\/peitoques\/#breadcrumb","itemListElement":[{"@type":"ListItem","position":1,"name":"Portada","item":"https:\/\/sitocarracedo.com\/es\/"},{"@type":"ListItem","position":2,"name":"Peitoques"}]},{"@type":"WebSite","@id":"https:\/\/sitocarracedo.com\/es\/#website","url":"https:\/\/sitocarracedo.com\/es\/","name":"Sito Carracedo","description":"Artesano Gallego","publisher":{"@id":"https:\/\/sitocarracedo.com\/es\/#organization"},"potentialAction":[{"@type":"SearchAction","target":{"@type":"EntryPoint","urlTemplate":"https:\/\/sitocarracedo.com\/es\/?s={search_term_string}"},"query-input":{"@type":"PropertyValueSpecification","valueRequired":true,"valueName":"search_term_string"}}],"inLanguage":"es"},{"@type":"Organization","@id":"https:\/\/sitocarracedo.com\/es\/#organization","name":"Sito Carracedo","url":"https:\/\/sitocarracedo.com\/es\/","logo":{"@type":"ImageObject","inLanguage":"es","@id":"https:\/\/sitocarracedo.com\/es\/#\/schema\/logo\/image\/","url":"https:\/\/sitocarracedo.com\/wp-content\/uploads\/2020\/08\/icono-sitocarracedo.png","contentUrl":"https:\/\/sitocarracedo.com\/wp-content\/uploads\/2020\/08\/icono-sitocarracedo.png","width":100,"height":100,"caption":"Sito Carracedo"},"image":{"@id":"https:\/\/sitocarracedo.com\/es\/#\/schema\/logo\/image\/"}}]}},"_links":{"self":[{"href":"https:\/\/sitocarracedo.com\/es\/wp-json\/wp\/v2\/pages\/2295","targetHints":{"allow":["GET"]}}],"collection":[{"href":"https:\/\/sitocarracedo.com\/es\/wp-json\/wp\/v2\/pages"}],"about":[{"href":"https:\/\/sitocarracedo.com\/es\/wp-json\/wp\/v2\/types\/page"}],"author":[{"embeddable":true,"href":"https:\/\/sitocarracedo.com\/es\/wp-json\/wp\/v2\/users\/1"}],"replies":[{"embeddable":true,"href":"https:\/\/sitocarracedo.com\/es\/wp-json\/wp\/v2\/comments?post=2295"}],"version-history":[{"count":5,"href":"https:\/\/sitocarracedo.com\/es\/wp-json\/wp\/v2\/pages\/2295\/revisions"}],"predecessor-version":[{"id":14139,"href":"https:\/\/sitocarracedo.com\/es\/wp-json\/wp\/v2\/pages\/2295\/revisions\/14139"}],"wp:attachment":[{"href":"https:\/\/sitocarracedo.com\/es\/wp-json\/wp\/v2\/media?parent=2295"}],"curies":[{"name":"wp","href":"https:\/\/api.w.org\/{rel}","templated":true}]}}