{"id":13053,"date":"2020-07-23T08:01:04","date_gmt":"2020-07-23T08:01:04","guid":{"rendered":"https:\/\/sitocarracedo.com\/?page_id=13053"},"modified":"2020-08-28T08:06:03","modified_gmt":"2020-08-28T08:06:03","slug":"tarifas-de-envio","status":"publish","type":"page","link":"https:\/\/sitocarracedo.com\/es\/tarifas-de-envio\/","title":{"rendered":"Tarifas de env\u00edo"},"content":{"rendered":"<style type=\"text\/css\">@media only screen and (min-width: 1000px) and (max-width: 5000px){html body .kc-css-280664{width: 10%;}html body .kc-css-643243{width: 40%;}html body .kc-css-6289{width: 40%;}html body .kc-css-640170{width: 10%;}}html body .kc-css-110196{padding-top: 50px;padding-bottom: 50px;}html body .kc-css-570693.kc_title,html body .kc-css-570693 .kc_title,html body .kc-css-570693 .kc_title a.kc_title_link{color: #000000;font-family: Montserrat;font-size: 40px;font-weight: 400;line-height: 45px;letter-spacing: 4px;text-transform: uppercase;text-align: center;}html body .kc-css-989487{text-align: justify;}<\/style>\n<section class=\"kc-elm kc-css-110196 kc_row\">\n<div class=\"kc-row-container  kc-container\">\n<div class=\"kc-wrap-columns\">\n<div class=\"kc-elm kc-css-152418 kc_col-sm-12 kc_column kc_col-sm-12\">\n<div class=\"kc-col-container\">\n<div class=\"kc-elm kc-css-570693 kc-title-wrap \">\n<h1 class=\"kc_title\"><\/h1>\n<\/div>\n<\/div>\n<\/div>\n<\/div>\n<\/div>\n<\/section>\n<section class=\"kc-elm kc-css-989487 kc_row\">\n<div class=\"kc-row-container  kc-container\">\n<div class=\"kc-wrap-columns\">\n<div class=\"kc-elm kc-css-280664 kc_col-sm-1 kc_column kc_col-sm-1\">\n<div class=\"kc-col-container\"><\/div>\n<\/div>\n<div class=\"kc-elm kc-css-643243 kc_col-sm-5 kc_column kc_col-sm-5\">\n<div class=\"kc-col-container\">\n<div class=\"kc-elm kc-css-798518 kc_text_block\">\n<p><strong>Env\u00edo:<\/strong> Espa\u00f1a 6 \u20ac<br \/><strong>Recibir pedido:<\/strong> Entre 24-96 horas<br \/><strong>Instrumentos de madera<\/strong>: Entre 15-20 d\u00edas<br \/><strong>A partir de pedidos de 200 \u20ac<\/strong>: Env\u00edo gratuito<\/p>\n<\/div>\n<\/div>\n<\/div>\n<div class=\"kc-elm kc-css-6289 kc_col-sm-5 kc_column kc_col-sm-5\">\n<div class=\"kc-col-container\">\n<div class=\"kc-elm kc-css-369669 kc_text_block\">\n<p><strong>Env\u00edo:<\/strong> Europa 11 \u20ac<br \/><strong>Recibir pedido:<\/strong> Entre 3-7 d\u00edas<br \/><strong>Instrumentos madera:<\/strong> Entre 15-20 d\u00edas<br \/><strong>A partir de pedidos de 200 \u20ac:<\/strong> Env\u00edo gratuito<\/p>\n<\/div>\n<\/div>\n<\/div>\n<div class=\"kc-elm kc-css-640170 kc_col-sm-1 kc_column kc_col-sm-1\">\n<div class=\"kc-col-container\"><\/div>\n<\/div>\n<\/div>\n<\/div>\n<\/section>\n","protected":false},"excerpt":{"rendered":"<p>Env\u00edo: Espa\u00f1a 6 \u20acRecibir pedido: Entre 24-96 horasInstrumentos de madera: Entre 15-20 d\u00edasA partir de pedidos de 200 \u20ac: Env\u00edo gratuito Env\u00edo: Europa 11 \u20acRecibir pedido: Entre 3-7 d\u00edasInstrumentos madera: Entre 15-20 d\u00edasA partir de pedidos de 200 \u20ac: Env\u00edo gratuito<\/p>\n","protected":false},"author":1,"featured_media":0,"parent":0,"menu_order":0,"comment_status":"closed","ping_status":"closed","template":"","meta":{"_et_pb_use_builder":"","_et_pb_old_content":"","_et_gb_content_width":"","footnotes":""},"class_list":["post-13053","page","type-page","status-publish","hentry"],"yoast_head":"<!-- This site is optimized with the Yoast SEO plugin v27.5 - https:\/\/yoast.com\/product\/yoast-seo-wordpress\/ -->\n<title>Tarifas de env\u00edo - Sito Carracedo<\/title>\n<meta name=\"robots\" content=\"index, follow, max-snippet:-1, max-image-preview:large, max-video-preview:-1\" \/>\n<link rel=\"canonical\" href=\"https:\/\/sitocarracedo.com\/es\/tarifas-de-envio\/\" \/>\n<meta property=\"og:locale\" content=\"es_ES\" \/>\n<meta property=\"og:type\" content=\"article\" \/>\n<meta property=\"og:title\" content=\"Tarifas de env\u00edo - Sito Carracedo\" \/>\n<meta property=\"og:description\" content=\"Env\u00edo: Espa\u00f1a 6 \u20acRecibir pedido: Entre 24-96 horasInstrumentos de madera: Entre 15-20 d\u00edasA partir de pedidos de 200 \u20ac: Env\u00edo gratuito Env\u00edo: Europa 11 \u20acRecibir pedido: Entre 3-7 d\u00edasInstrumentos madera: Entre 15-20 d\u00edasA partir de pedidos de 200 \u20ac: Env\u00edo gratuito\" \/>\n<meta property=\"og:url\" content=\"https:\/\/sitocarracedo.com\/es\/tarifas-de-envio\/\" \/>\n<meta property=\"og:site_name\" content=\"Sito Carracedo\" \/>\n<meta property=\"article:modified_time\" content=\"2020-08-28T08:06:03+00:00\" \/>\n<meta name=\"twitter:card\" content=\"summary_large_image\" \/>\n<script type=\"application\/ld+json\" class=\"yoast-schema-graph\">{\"@context\":\"https:\\\/\\\/schema.org\",\"@graph\":[{\"@type\":\"WebPage\",\"@id\":\"https:\\\/\\\/sitocarracedo.com\\\/es\\\/tarifas-de-envio\\\/\",\"url\":\"https:\\\/\\\/sitocarracedo.com\\\/es\\\/tarifas-de-envio\\\/\",\"name\":\"Tarifas de env\u00edo - Sito Carracedo\",\"isPartOf\":{\"@id\":\"https:\\\/\\\/sitocarracedo.com\\\/es\\\/#website\"},\"datePublished\":\"2020-07-23T08:01:04+00:00\",\"dateModified\":\"2020-08-28T08:06:03+00:00\",\"breadcrumb\":{\"@id\":\"https:\\\/\\\/sitocarracedo.com\\\/es\\\/tarifas-de-envio\\\/#breadcrumb\"},\"inLanguage\":\"es\",\"potentialAction\":[{\"@type\":\"ReadAction\",\"target\":[\"https:\\\/\\\/sitocarracedo.com\\\/es\\\/tarifas-de-envio\\\/\"]}]},{\"@type\":\"BreadcrumbList\",\"@id\":\"https:\\\/\\\/sitocarracedo.com\\\/es\\\/tarifas-de-envio\\\/#breadcrumb\",\"itemListElement\":[{\"@type\":\"ListItem\",\"position\":1,\"name\":\"Portada\",\"item\":\"https:\\\/\\\/sitocarracedo.com\\\/es\\\/\"},{\"@type\":\"ListItem\",\"position\":2,\"name\":\"Tarifas de env\u00edo\"}]},{\"@type\":\"WebSite\",\"@id\":\"https:\\\/\\\/sitocarracedo.com\\\/es\\\/#website\",\"url\":\"https:\\\/\\\/sitocarracedo.com\\\/es\\\/\",\"name\":\"Sito Carracedo\",\"description\":\"Artesano Gallego\",\"publisher\":{\"@id\":\"https:\\\/\\\/sitocarracedo.com\\\/es\\\/#organization\"},\"potentialAction\":[{\"@type\":\"SearchAction\",\"target\":{\"@type\":\"EntryPoint\",\"urlTemplate\":\"https:\\\/\\\/sitocarracedo.com\\\/es\\\/?s={search_term_string}\"},\"query-input\":{\"@type\":\"PropertyValueSpecification\",\"valueRequired\":true,\"valueName\":\"search_term_string\"}}],\"inLanguage\":\"es\"},{\"@type\":\"Organization\",\"@id\":\"https:\\\/\\\/sitocarracedo.com\\\/es\\\/#organization\",\"name\":\"Sito Carracedo\",\"url\":\"https:\\\/\\\/sitocarracedo.com\\\/es\\\/\",\"logo\":{\"@type\":\"ImageObject\",\"inLanguage\":\"es\",\"@id\":\"https:\\\/\\\/sitocarracedo.com\\\/es\\\/#\\\/schema\\\/logo\\\/image\\\/\",\"url\":\"https:\\\/\\\/sitocarracedo.com\\\/wp-content\\\/uploads\\\/2020\\\/08\\\/icono-sitocarracedo.png\",\"contentUrl\":\"https:\\\/\\\/sitocarracedo.com\\\/wp-content\\\/uploads\\\/2020\\\/08\\\/icono-sitocarracedo.png\",\"width\":100,\"height\":100,\"caption\":\"Sito Carracedo\"},\"image\":{\"@id\":\"https:\\\/\\\/sitocarracedo.com\\\/es\\\/#\\\/schema\\\/logo\\\/image\\\/\"}}]}<\/script>\n<!-- \/ Yoast SEO plugin. -->","yoast_head_json":{"title":"Tarifas de env\u00edo - Sito Carracedo","robots":{"index":"index","follow":"follow","max-snippet":"max-snippet:-1","max-image-preview":"max-image-preview:large","max-video-preview":"max-video-preview:-1"},"canonical":"https:\/\/sitocarracedo.com\/es\/tarifas-de-envio\/","og_locale":"es_ES","og_type":"article","og_title":"Tarifas de env\u00edo - Sito Carracedo","og_description":"Env\u00edo: Espa\u00f1a 6 \u20acRecibir pedido: Entre 24-96 horasInstrumentos de madera: Entre 15-20 d\u00edasA partir de pedidos de 200 \u20ac: Env\u00edo gratuito Env\u00edo: Europa 11 \u20acRecibir pedido: Entre 3-7 d\u00edasInstrumentos madera: Entre 15-20 d\u00edasA partir de pedidos de 200 \u20ac: Env\u00edo gratuito","og_url":"https:\/\/sitocarracedo.com\/es\/tarifas-de-envio\/","og_site_name":"Sito Carracedo","article_modified_time":"2020-08-28T08:06:03+00:00","twitter_card":"summary_large_image","schema":{"@context":"https:\/\/schema.org","@graph":[{"@type":"WebPage","@id":"https:\/\/sitocarracedo.com\/es\/tarifas-de-envio\/","url":"https:\/\/sitocarracedo.com\/es\/tarifas-de-envio\/","name":"Tarifas de env\u00edo - Sito Carracedo","isPartOf":{"@id":"https:\/\/sitocarracedo.com\/es\/#website"},"datePublished":"2020-07-23T08:01:04+00:00","dateModified":"2020-08-28T08:06:03+00:00","breadcrumb":{"@id":"https:\/\/sitocarracedo.com\/es\/tarifas-de-envio\/#breadcrumb"},"inLanguage":"es","potentialAction":[{"@type":"ReadAction","target":["https:\/\/sitocarracedo.com\/es\/tarifas-de-envio\/"]}]},{"@type":"BreadcrumbList","@id":"https:\/\/sitocarracedo.com\/es\/tarifas-de-envio\/#breadcrumb","itemListElement":[{"@type":"ListItem","position":1,"name":"Portada","item":"https:\/\/sitocarracedo.com\/es\/"},{"@type":"ListItem","position":2,"name":"Tarifas de env\u00edo"}]},{"@type":"WebSite","@id":"https:\/\/sitocarracedo.com\/es\/#website","url":"https:\/\/sitocarracedo.com\/es\/","name":"Sito Carracedo","description":"Artesano Gallego","publisher":{"@id":"https:\/\/sitocarracedo.com\/es\/#organization"},"potentialAction":[{"@type":"SearchAction","target":{"@type":"EntryPoint","urlTemplate":"https:\/\/sitocarracedo.com\/es\/?s={search_term_string}"},"query-input":{"@type":"PropertyValueSpecification","valueRequired":true,"valueName":"search_term_string"}}],"inLanguage":"es"},{"@type":"Organization","@id":"https:\/\/sitocarracedo.com\/es\/#organization","name":"Sito Carracedo","url":"https:\/\/sitocarracedo.com\/es\/","logo":{"@type":"ImageObject","inLanguage":"es","@id":"https:\/\/sitocarracedo.com\/es\/#\/schema\/logo\/image\/","url":"https:\/\/sitocarracedo.com\/wp-content\/uploads\/2020\/08\/icono-sitocarracedo.png","contentUrl":"https:\/\/sitocarracedo.com\/wp-content\/uploads\/2020\/08\/icono-sitocarracedo.png","width":100,"height":100,"caption":"Sito Carracedo"},"image":{"@id":"https:\/\/sitocarracedo.com\/es\/#\/schema\/logo\/image\/"}}]}},"_links":{"self":[{"href":"https:\/\/sitocarracedo.com\/es\/wp-json\/wp\/v2\/pages\/13053","targetHints":{"allow":["GET"]}}],"collection":[{"href":"https:\/\/sitocarracedo.com\/es\/wp-json\/wp\/v2\/pages"}],"about":[{"href":"https:\/\/sitocarracedo.com\/es\/wp-json\/wp\/v2\/types\/page"}],"author":[{"embeddable":true,"href":"https:\/\/sitocarracedo.com\/es\/wp-json\/wp\/v2\/users\/1"}],"replies":[{"embeddable":true,"href":"https:\/\/sitocarracedo.com\/es\/wp-json\/wp\/v2\/comments?post=13053"}],"version-history":[{"count":0,"href":"https:\/\/sitocarracedo.com\/es\/wp-json\/wp\/v2\/pages\/13053\/revisions"}],"wp:attachment":[{"href":"https:\/\/sitocarracedo.com\/es\/wp-json\/wp\/v2\/media?parent=13053"}],"curies":[{"name":"wp","href":"https:\/\/api.w.org\/{rel}","templated":true}]}}