{"id":12473,"date":"2020-07-13T07:38:42","date_gmt":"2020-07-13T07:38:42","guid":{"rendered":"https:\/\/sitocarracedo.com\/?page_id=12473"},"modified":"2026-05-05T08:43:50","modified_gmt":"2026-05-05T07:43:50","slug":"condiciones-de-compra","status":"publish","type":"page","link":"https:\/\/sitocarracedo.com\/es\/condiciones-de-compra\/","title":{"rendered":"Condiciones de compra"},"content":{"rendered":"<p>[et_pb_section fb_built=\u00bb1&#8243; admin_label=\u00bbsection\u00bb _builder_version=\u00bb4.18.0&#8243; custom_margin=\u00bb2px||||false|false\u00bb custom_padding=\u00bb0px||||false|false\u00bb locked=\u00bboff\u00bb global_colors_info=\u00bb{}\u00bb][et_pb_row admin_label=\u00bbrow\u00bb _builder_version=\u00bb4.16&#8243; background_size=\u00bbinitial\u00bb background_position=\u00bbtop_left\u00bb background_repeat=\u00bbrepeat\u00bb global_colors_info=\u00bb{}\u00bb][et_pb_column type=\u00bb4_4&#8243; _builder_version=\u00bb4.16&#8243; custom_padding=\u00bb|||\u00bb global_colors_info=\u00bb{}\u00bb custom_padding__hover=\u00bb|||\u00bb][et_pb_text admin_label=\u00bbText\u00bb _builder_version=\u00bb4.18.0&#8243; text_font=\u00bbMontserrat||||||||\u00bb link_text_color=\u00bb#636363&#8243; header_font=\u00bbMontserrat||||||||\u00bb header_font_size=\u00bb25px\u00bb header_letter_spacing=\u00bb1.4px\u00bb header_2_font_size=\u00bb24px\u00bb header_2_letter_spacing=\u00bb4.65px\u00bb background_size=\u00bbinitial\u00bb background_position=\u00bbtop_left\u00bb background_repeat=\u00bbrepeat\u00bb custom_margin=\u00bb44px||||false|false\u00bb global_colors_info=\u00bb{}\u00bb]<\/p>\n<h1>CONDICIONES GENERALES DE CONTRATACI\u00d3N<\/h1>\n<p style=\"text-align: justify;\">Mediante este documento se establecen las Condiciones Generales de Contrataci\u00f3n por parte de los consumidores que accedan al sitio web www.sitocarracedo.com, propiedad de Maruxa V\u00e1zquez Rodr\u00edguez de conformidad con la Ley 34\/2002 de 11 de julio, de Servicios de la Sociedad de la Informaci\u00f3n y de Comercio Electr\u00f3nico.<\/p>\n<p style=\"text-align: justify;\"><strong>Datos de contacto:<\/strong> Maruxa V\u00e1zquez Rodr\u00edguez<\/p>\n<p style=\"text-align: justify;\"><strong>Domicilio social:<\/strong> R\u00faa San Froil\u00e1n 23 4 &#8211; 27001 &#8211; Lugo<\/p>\n<p style=\"text-align: justify;\"><strong>Tel\u00e9fono:\u00a0<\/strong>675808460<br \/><strong>E-mail:<\/strong> sitocarracedopedidos@gmail.com<\/p>\n<p style=\"text-align: justify;\"><strong>1. \u00c1MBITO GEOGR\u00c1FICO<\/strong><br \/>Sin limitaciones.<\/p>\n<p style=\"text-align: justify;\"><strong>2. CONDICIONES DEL COMPRADOR<\/strong><\/p>\n<p style=\"text-align: justify;\">Al realizar una compra a trav\u00e9s de sitocarracedo.com el usuario garantiza las siguientes condiciones:<\/p>\n<p style=\"text-align: justify;\">(a) Est\u00e1 legalmente capacitado para suscribir contratos vinculantes.<\/p>\n<p style=\"text-align: justify;\">(b) Es mayor de 18 a\u00f1os.<\/p>\n<p style=\"text-align: justify;\">(c) Est\u00e1 adquiriendo los art\u00edculos para su uso personal y no para un uso comercial, y<\/p>\n<p style=\"text-align: justify;\">(d) Est\u00e1 adquiriendo Productos para ser entregados en la direcci\u00f3n que consta en su registro como cliente en sitocarracedo.com a trav\u00e9s del formulario de registro.<\/p>\n<p style=\"text-align: justify;\"><strong>3. CONDICIONES DEL PEDIDO<\/strong><\/p>\n<p style=\"text-align: justify;\">3.1. Todos los pedidos deben ser aceptados por sitocarracedo.com y deber\u00e1n ser confirmados mediante correo electr\u00f3nico.<br \/>La obligaci\u00f3n de entrega de sitocarracedo.com se limitar\u00e1 a los art\u00edculos y cantidades que hayan sido confirmados.<\/p>\n<p style=\"text-align: justify;\">3.2. La confirmaci\u00f3n del pedido incluir\u00e1 un plazo de entrega aproximado, normalmente entre 48 y 96 horas desde la fecha de la confirmaci\u00f3n de pedido. La fecha de entrega podr\u00eda variar en funci\u00f3n de la direcci\u00f3n de env\u00edo, tipo de art\u00edculo, disponibilidad o stock del mismo.<\/p>\n<p style=\"text-align: justify;\">3.3. En el momento de la entrega del Producto usted deber\u00e1 comprobar que el Producto est\u00e9 en buenas condiciones, en el caso de detectar cualquier desperfecto que se pueda observar en el paquete (golpes, paquete abierto, embalaje roto, etc.) usted deber\u00e1 hacerlo constar en el albar\u00e1n de entrega del transportista, y en un per\u00edodo no superior a veinticuatro (24) horas desde la entrega, tendr\u00e1 que hacernos llegar un correo electr\u00f3nico a la direcci\u00f3n sitocarracedopedidos@gmail.com\u00a0notificando el desperfecto detectado para que se pueda dar orden de recoger el paquete defectuoso, proceder a su an\u00e1lisis y al env\u00edo de uno nuevo si procediese. En caso de que usted obvie esta obligaci\u00f3n en el supuesto descrito puede dar lugar a la p\u00e9rdida del derecho de cambio y\/o devoluci\u00f3n del Producto. (Ver pol\u00edtica de devoluciones de la cl\u00e1usula 6).<\/p>\n<p style=\"text-align: justify;\"><strong>4. DERECHOS DE LOS CONSUMIDORES<\/strong><\/p>\n<p style=\"text-align: justify;\">4.1. Derecho de desistimiento de la compra:<\/p>\n<p style=\"text-align: justify;\">En cualquier momento dentro de los catorce (14) d\u00edas naturales inmediatamente posteriores a la fecha de recepci\u00f3n del producto a que se refiera.<\/p>\n<p style=\"text-align: justify;\">En estos casos el comprador recibir\u00e1 la totalidad del precio abonado junto con los costes de entrega generados por el env\u00edo de los Productos de acuerdo con nuestra pol\u00edtica de Devoluciones (Ver cl\u00e1usula 6).<\/p>\n<p style=\"text-align: justify;\">4.2. Para desistir de la compra, el comprador deber\u00e1 comunicarlo por escrito dentro de los 14 d\u00edas indicados. Asimismo, deber\u00e1 devolver de forma inmediata y a su cargo, los art\u00edculos afectados, en las mismas condiciones en que los haya recibido.<\/p>\n<p style=\"text-align: justify;\"><strong>5. PRECIO Y FORMA DE PAGO<\/strong><\/p>\n<p style=\"text-align: justify;\">5.1. El precio de nuestros art\u00edculos ser\u00e1 el que est\u00e9 expuesto en nuestra p\u00e1gina web, excepto en caso de errores obvios.<\/p>\n<p style=\"text-align: justify;\">5.2. Los precios de nuestros productos incluyen el IVA, salvo que se indique lo contrario.<\/p>\n<p style=\"text-align: justify;\">5.3. Los precios pueden ser modificados en cualquier momento, pero los cambios no afectar\u00e1n a aquellos pedidos que ya hayan sido confirmados.<\/p>\n<p style=\"text-align: justify;\">5.4. En caso que por cualquier circunstancia ajena a la voluntad de sitocarracedo.com se produjese un error en la fijaci\u00f3n del precio que fuere obvia e inconfundible y pueda ser razonablemente conocida por el comprador como un error en el precio, sitocarracedo.com podr\u00e1 dejar de suministrar ese Producto por causa del incorrecto precio, y ello incluso en el caso en que se haya expedido la orden de confirmaci\u00f3n.<\/p>\n<p style=\"text-align: justify;\">5.5. El pago de todos los Productos puede realizarse mediante tarjeta de cr\u00e9dito o d\u00e9bito a trav\u00e9s de la pasarela de pago. En el caso de pago con tarjeta de cr\u00e9dito o d\u00e9bito el importe de la compra se le cargar\u00e1 siempre antes del env\u00edo del pedido.<\/p>\n<p style=\"text-align: justify;\">El pago, que deber\u00e1 ser realizado en un \u00fanico abono antes del env\u00edo, puede ser realizado como sigue:<\/p>\n<p style=\"text-align: justify;\">a) Tarjeta de cr\u00e9dito o d\u00e9bito: A trav\u00e9s de la pasarela de pago.<\/p>\n<p style=\"text-align: justify;\">En el caso en de que realice el pago mediante tarjeta de cr\u00e9dito o d\u00e9bito, las estipulaciones del contrato requerir\u00e1n la confirmaci\u00f3n de la transacci\u00f3n econ\u00f3mica por el banco de sitocarracedo.com.<\/p>\n<p style=\"text-align: justify;\"><strong>6. POL\u00cdTICA DE DEVOLUCIONES<\/strong><\/p>\n<p style=\"text-align: justify;\">6.1. En el caso en que Usted desee devolvernos un Producto, le rogamos que se dirija a nosotros a trav\u00e9s de escrito motivado en el que consten los motivos de la devoluci\u00f3n, para tras su an\u00e1lisis ver si procede dicha devoluci\u00f3n, haciendo contar en dicho escrito sus datos de contacto, as\u00ed como la cuenta bancaria en la que desea que el efectuemos la devoluci\u00f3n del importe pagado.<\/p>\n<p style=\"text-align: justify;\"><strong>E-mail:<\/strong> sitocarracedopedidos@gmail.com<br \/><strong>Direcci\u00f3n Postal:<\/strong> R\u00faa San Froil\u00e1n 23 4 &#8211; 27001 &#8211; Lugo<\/p>\n<p style=\"text-align: justify;\">Tambi\u00e9n podr\u00e1 ponerse en contacto con nosotros telef\u00f3nicamente para solucionar cualquier duda a cerca de la pol\u00edtica de devoluciones en el n\u00famero de tel\u00e9fono:\u00a0675808460<\/p>\n<p style=\"text-align: justify;\">6.2. Cuando Usted nos devuelva un Producto:<\/p>\n<p style=\"text-align: justify;\">(a) Porque Usted ha ejercitado el derecho de desistimiento previsto en el contrato entre las Partes dentro de los catorce (14) d\u00edas naturales del plazo de desistimiento (ver cl\u00e1usula 4.1 de las presentes condiciones de contrataci\u00f3n), nosotros procesaremos la devoluci\u00f3n con la m\u00e1xima premura, y, en cualquier caso, dentro de los catorce (14) d\u00edas naturales posteriores a la recepci\u00f3n de la notificaci\u00f3n de su derecho de desistimiento. En este caso, le ser\u00e1 retornado la totalidad del precio del Producto incluyendo los costes de env\u00edo que se pudiesen haber generado. No obstante, Usted ser\u00e1 responsable de los costes de devolvernos el Producto.<\/p>\n<p style=\"text-align: justify;\">(b) Porque Usted reclama que el Producto es defectuoso, nosotros examinaremos el Producto devuelto y le notificaremos si procede el reembolso en un razonable periodo de tiempo a trav\u00e9s del correo electr\u00f3nico que nos facilit\u00f3 en su registro como cliente del Website. Normalmente, en caso de que procediese el reembolso, nosotros procederemos a reembolsarle el importe lo antes posible y en cualquier caso dentro del plazo de los catorce (14) d\u00edas naturales posteriores a la fecha en la que le confirmemos v\u00eda e-mail que tiene derecho a recibir el reembolso por el Producto defectuoso. El\/Los Productos\/s devueltos por defectos ser\u00e1n reembolsados en su totalidad, incluyendo el reembolso de los gastos de env\u00edo del Producto\/s y los costes en que incurra para su devoluci\u00f3n.<\/p>\n<p style=\"text-align: justify;\">6.3 Los importes recibidos ser\u00e1n reembolsados mediante transferencia bancaria a la cuenta que nos indique el usuario en su escrito de solicitud de devoluci\u00f3n.<\/p>\n<p style=\"text-align: justify;\"><strong>7. MODIFICACI\u00d3N DE LAS PRESENTES CONDICIONES<\/strong><\/p>\n<p style=\"text-align: justify;\">7.1. sitocarracedo.com tiene el derecho a revisar y enmendar los presentes t\u00e9rminos y condiciones de forma peri\u00f3dica para reflejar cambios en las condiciones de mercado que afecten a nuestro negocio, cambios en las formas de pago, cambios en los requerimientos legales aplicables y cambios en las capacidades de nuestro sistema.<\/p>\n<p style=\"text-align: justify;\">7.2. El comprador estar\u00e1 sujeto a la pol\u00edtica, t\u00e9rminos y condiciones en vigor en el momento en que realice el pedido, a menos que cualquier cambio en esas pol\u00edticas o en esos t\u00e9rminos y condiciones sea requerido por Ley o por una autoridad gubernamental (en cuyo caso \u00e9stas ser\u00e1n de aplicaci\u00f3n al pedido en curso), o en el supuesto de que sitocarracedo.com notifique los cambios de esas pol\u00edticas o de los t\u00e9rminos o condiciones con anterioridad a enviar la confirmaci\u00f3n de env\u00edo (en cuyo caso se entender\u00e1 que ha aceptado los cambios respecto de los t\u00e9rminos y condiciones a menos que notifique lo contrario dentro del plazo de catorce (14) d\u00edas naturales desde la recepci\u00f3n de los Productos).<\/p>\n<p style=\"text-align: justify;\"><strong>8. PROTECCI\u00d3N DE DATOS<\/strong><\/p>\n<p style=\"text-align: justify;\">En cumplimiento de la Ley Org\u00e1nica 15\/1999, del 13 de diciembre, de Protecci\u00f3n de Datos de Car\u00e1cter Personal, le informamos que los datos personales obtenidos por Maruxa V\u00e1zquez Rodr\u00edguez a lo largo de toda esta transacci\u00f3n, est\u00e1n incluidos en un fichero, titularidad de Maruxa V\u00e1zquez Rodr\u00edguez cuya finalidad es la gesti\u00f3n administrativa de la compra efectuada, realizar el cobro de la misma, emisi\u00f3n de facturas y env\u00edo de publicidad, promociones y ofertas en caso de haber prestado su consentimiento para ello. El titular de los datos dispone en todo momento de los derechos de acceso, rectificaci\u00f3n, cancelaci\u00f3n y oposici\u00f3n, que podr\u00e1 ejercitar mediante escrito dirigido a la direcci\u00f3n de correo postal de sitocarracedo.com, R\u00faa San Froil\u00e1n 23 4 &#8211; 27001 &#8211; Lugo, en Lugo o bien mediante comunicaci\u00f3n a la cuenta de correo electr\u00f3nico: sitocarracedopedidos@gmail.com<\/p>\n<p style=\"text-align: justify;\">Mediante la aceptaci\u00f3n de estas condiciones generales de la contrataci\u00f3n, Usted consiente a que sus datos personales puedan ser cedidos a otras empresas siempre que esa cesi\u00f3n sea necesaria e imprescindible para poder realizar correctamente la compra del Producto efectuada a trav\u00e9s de nuestro Website (Empresas de paqueter\u00eda, entidades bancarias, etc). El cliente tiene el derecho de revocar este consentimiento en cualquier momento, con la simple notificaci\u00f3n de dicha voluntad mediante correo postal o correo electr\u00f3nico dirigidos a las direcciones arriba se\u00f1aladas.<\/p>\n<p style=\"text-align: justify;\"><strong>9. LEY Y JURISDICCI\u00d3N<\/strong><\/p>\n<p style=\"text-align: justify;\">Los Contratos para la compra de Productos a trav\u00e9s de nuestra Website ser\u00e1n sometidos a la legislaci\u00f3n espa\u00f1ola vigente y aplicable en el momento de perfeccionar el contrato seg\u00fan las presentes condiciones. Si alguna de las condiciones y\/o cl\u00e1usulas que aparecen en el presente documento fuesen anuladas por una autoridad judicial o gubernamental se aplicar\u00e1 de manera supletoria la legislaci\u00f3n espa\u00f1ola vigente en el momento de perfecci\u00f3n del contrato.<\/p>\n<p style=\"text-align: justify;\">Cualquier disputa o reclamaci\u00f3n que provenga o que est\u00e9 relacionada con las presentes condiciones de contrataci\u00f3n o con el contrato derivado de las mismas se sujetar\u00e1 a la Jurisdicci\u00f3n exclusiva de los Juzgados y Tribunales Espa\u00f1oles. Con sometimiento expreso tanto por parte de Maruxa V\u00e1zquez Rodr\u00edguez como por parte del consumidor a los Juzgados y Tribunales de Lugo.<\/p>\n<p>[\/et_pb_text][\/et_pb_column][\/et_pb_row][\/et_pb_section]<\/p>\n","protected":false},"excerpt":{"rendered":"<p>CONDICIONES GENERALES DE CONTRATACI\u00d3N Mediante este documento se establecen las Condiciones Generales de Contrataci\u00f3n por parte de los consumidores que accedan al sitio web www.sitocarracedo.com, propiedad de Maruxa V\u00e1zquez Rodr\u00edguez de conformidad con la Ley 34\/2002 de 11 de julio, de Servicios de la Sociedad de la Informaci\u00f3n y de Comercio Electr\u00f3nico. Datos de contacto: [&hellip;]<\/p>\n","protected":false},"author":1,"featured_media":0,"parent":0,"menu_order":0,"comment_status":"closed","ping_status":"closed","template":"","meta":{"_et_pb_use_builder":"on","_et_pb_old_content":"","_et_gb_content_width":"","footnotes":""},"class_list":["post-12473","page","type-page","status-publish","hentry"],"yoast_head":"<!-- This site is optimized with the Yoast SEO plugin v27.6 - https:\/\/yoast.com\/product\/yoast-seo-wordpress\/ -->\n<title>Condiciones de compra - Sito Carracedo<\/title>\n<meta name=\"robots\" content=\"index, follow, max-snippet:-1, max-image-preview:large, max-video-preview:-1\" \/>\n<link rel=\"canonical\" href=\"https:\/\/sitocarracedo.com\/es\/condiciones-de-compra\/\" \/>\n<meta property=\"og:locale\" content=\"es_ES\" \/>\n<meta property=\"og:type\" content=\"article\" \/>\n<meta property=\"og:title\" content=\"Condiciones de compra - Sito Carracedo\" \/>\n<meta property=\"og:description\" content=\"CONDICIONES GENERALES DE CONTRATACI\u00d3N Mediante este documento se establecen las Condiciones Generales de Contrataci\u00f3n por parte de los consumidores que accedan al sitio web www.sitocarracedo.com, propiedad de Maruxa V\u00e1zquez Rodr\u00edguez de conformidad con la Ley 34\/2002 de 11 de julio, de Servicios de la Sociedad de la Informaci\u00f3n y de Comercio Electr\u00f3nico. Datos de contacto: [&hellip;]\" \/>\n<meta property=\"og:url\" content=\"https:\/\/sitocarracedo.com\/es\/condiciones-de-compra\/\" \/>\n<meta property=\"og:site_name\" content=\"Sito Carracedo\" \/>\n<meta property=\"article:modified_time\" content=\"2026-05-05T07:43:50+00:00\" \/>\n<meta name=\"twitter:card\" content=\"summary_large_image\" \/>\n<script type=\"application\/ld+json\" class=\"yoast-schema-graph\">{\"@context\":\"https:\\\/\\\/schema.org\",\"@graph\":[{\"@type\":\"WebPage\",\"@id\":\"https:\\\/\\\/sitocarracedo.com\\\/es\\\/condiciones-de-compra\\\/\",\"url\":\"https:\\\/\\\/sitocarracedo.com\\\/es\\\/condiciones-de-compra\\\/\",\"name\":\"Condiciones de compra - Sito Carracedo\",\"isPartOf\":{\"@id\":\"https:\\\/\\\/sitocarracedo.com\\\/es\\\/#website\"},\"datePublished\":\"2020-07-13T07:38:42+00:00\",\"dateModified\":\"2026-05-05T07:43:50+00:00\",\"breadcrumb\":{\"@id\":\"https:\\\/\\\/sitocarracedo.com\\\/es\\\/condiciones-de-compra\\\/#breadcrumb\"},\"inLanguage\":\"es\",\"potentialAction\":[{\"@type\":\"ReadAction\",\"target\":[\"https:\\\/\\\/sitocarracedo.com\\\/es\\\/condiciones-de-compra\\\/\"]}]},{\"@type\":\"BreadcrumbList\",\"@id\":\"https:\\\/\\\/sitocarracedo.com\\\/es\\\/condiciones-de-compra\\\/#breadcrumb\",\"itemListElement\":[{\"@type\":\"ListItem\",\"position\":1,\"name\":\"Portada\",\"item\":\"https:\\\/\\\/sitocarracedo.com\\\/es\\\/\"},{\"@type\":\"ListItem\",\"position\":2,\"name\":\"Condiciones de compra\"}]},{\"@type\":\"WebSite\",\"@id\":\"https:\\\/\\\/sitocarracedo.com\\\/es\\\/#website\",\"url\":\"https:\\\/\\\/sitocarracedo.com\\\/es\\\/\",\"name\":\"Sito Carracedo\",\"description\":\"Artesano Gallego\",\"publisher\":{\"@id\":\"https:\\\/\\\/sitocarracedo.com\\\/es\\\/#organization\"},\"potentialAction\":[{\"@type\":\"SearchAction\",\"target\":{\"@type\":\"EntryPoint\",\"urlTemplate\":\"https:\\\/\\\/sitocarracedo.com\\\/es\\\/?s={search_term_string}\"},\"query-input\":{\"@type\":\"PropertyValueSpecification\",\"valueRequired\":true,\"valueName\":\"search_term_string\"}}],\"inLanguage\":\"es\"},{\"@type\":\"Organization\",\"@id\":\"https:\\\/\\\/sitocarracedo.com\\\/es\\\/#organization\",\"name\":\"Sito Carracedo\",\"url\":\"https:\\\/\\\/sitocarracedo.com\\\/es\\\/\",\"logo\":{\"@type\":\"ImageObject\",\"inLanguage\":\"es\",\"@id\":\"https:\\\/\\\/sitocarracedo.com\\\/es\\\/#\\\/schema\\\/logo\\\/image\\\/\",\"url\":\"https:\\\/\\\/sitocarracedo.com\\\/wp-content\\\/uploads\\\/2020\\\/08\\\/icono-sitocarracedo.png\",\"contentUrl\":\"https:\\\/\\\/sitocarracedo.com\\\/wp-content\\\/uploads\\\/2020\\\/08\\\/icono-sitocarracedo.png\",\"width\":100,\"height\":100,\"caption\":\"Sito Carracedo\"},\"image\":{\"@id\":\"https:\\\/\\\/sitocarracedo.com\\\/es\\\/#\\\/schema\\\/logo\\\/image\\\/\"}}]}<\/script>\n<!-- \/ Yoast SEO plugin. -->","yoast_head_json":{"title":"Condiciones de compra - Sito Carracedo","robots":{"index":"index","follow":"follow","max-snippet":"max-snippet:-1","max-image-preview":"max-image-preview:large","max-video-preview":"max-video-preview:-1"},"canonical":"https:\/\/sitocarracedo.com\/es\/condiciones-de-compra\/","og_locale":"es_ES","og_type":"article","og_title":"Condiciones de compra - Sito Carracedo","og_description":"CONDICIONES GENERALES DE CONTRATACI\u00d3N Mediante este documento se establecen las Condiciones Generales de Contrataci\u00f3n por parte de los consumidores que accedan al sitio web www.sitocarracedo.com, propiedad de Maruxa V\u00e1zquez Rodr\u00edguez de conformidad con la Ley 34\/2002 de 11 de julio, de Servicios de la Sociedad de la Informaci\u00f3n y de Comercio Electr\u00f3nico. Datos de contacto: [&hellip;]","og_url":"https:\/\/sitocarracedo.com\/es\/condiciones-de-compra\/","og_site_name":"Sito Carracedo","article_modified_time":"2026-05-05T07:43:50+00:00","twitter_card":"summary_large_image","schema":{"@context":"https:\/\/schema.org","@graph":[{"@type":"WebPage","@id":"https:\/\/sitocarracedo.com\/es\/condiciones-de-compra\/","url":"https:\/\/sitocarracedo.com\/es\/condiciones-de-compra\/","name":"Condiciones de compra - Sito Carracedo","isPartOf":{"@id":"https:\/\/sitocarracedo.com\/es\/#website"},"datePublished":"2020-07-13T07:38:42+00:00","dateModified":"2026-05-05T07:43:50+00:00","breadcrumb":{"@id":"https:\/\/sitocarracedo.com\/es\/condiciones-de-compra\/#breadcrumb"},"inLanguage":"es","potentialAction":[{"@type":"ReadAction","target":["https:\/\/sitocarracedo.com\/es\/condiciones-de-compra\/"]}]},{"@type":"BreadcrumbList","@id":"https:\/\/sitocarracedo.com\/es\/condiciones-de-compra\/#breadcrumb","itemListElement":[{"@type":"ListItem","position":1,"name":"Portada","item":"https:\/\/sitocarracedo.com\/es\/"},{"@type":"ListItem","position":2,"name":"Condiciones de compra"}]},{"@type":"WebSite","@id":"https:\/\/sitocarracedo.com\/es\/#website","url":"https:\/\/sitocarracedo.com\/es\/","name":"Sito Carracedo","description":"Artesano Gallego","publisher":{"@id":"https:\/\/sitocarracedo.com\/es\/#organization"},"potentialAction":[{"@type":"SearchAction","target":{"@type":"EntryPoint","urlTemplate":"https:\/\/sitocarracedo.com\/es\/?s={search_term_string}"},"query-input":{"@type":"PropertyValueSpecification","valueRequired":true,"valueName":"search_term_string"}}],"inLanguage":"es"},{"@type":"Organization","@id":"https:\/\/sitocarracedo.com\/es\/#organization","name":"Sito Carracedo","url":"https:\/\/sitocarracedo.com\/es\/","logo":{"@type":"ImageObject","inLanguage":"es","@id":"https:\/\/sitocarracedo.com\/es\/#\/schema\/logo\/image\/","url":"https:\/\/sitocarracedo.com\/wp-content\/uploads\/2020\/08\/icono-sitocarracedo.png","contentUrl":"https:\/\/sitocarracedo.com\/wp-content\/uploads\/2020\/08\/icono-sitocarracedo.png","width":100,"height":100,"caption":"Sito Carracedo"},"image":{"@id":"https:\/\/sitocarracedo.com\/es\/#\/schema\/logo\/image\/"}}]}},"_links":{"self":[{"href":"https:\/\/sitocarracedo.com\/es\/wp-json\/wp\/v2\/pages\/12473","targetHints":{"allow":["GET"]}}],"collection":[{"href":"https:\/\/sitocarracedo.com\/es\/wp-json\/wp\/v2\/pages"}],"about":[{"href":"https:\/\/sitocarracedo.com\/es\/wp-json\/wp\/v2\/types\/page"}],"author":[{"embeddable":true,"href":"https:\/\/sitocarracedo.com\/es\/wp-json\/wp\/v2\/users\/1"}],"replies":[{"embeddable":true,"href":"https:\/\/sitocarracedo.com\/es\/wp-json\/wp\/v2\/comments?post=12473"}],"version-history":[{"count":3,"href":"https:\/\/sitocarracedo.com\/es\/wp-json\/wp\/v2\/pages\/12473\/revisions"}],"predecessor-version":[{"id":14787,"href":"https:\/\/sitocarracedo.com\/es\/wp-json\/wp\/v2\/pages\/12473\/revisions\/14787"}],"wp:attachment":[{"href":"https:\/\/sitocarracedo.com\/es\/wp-json\/wp\/v2\/media?parent=12473"}],"curies":[{"name":"wp","href":"https:\/\/api.w.org\/{rel}","templated":true}]}}