{"id":12661,"date":"2020-07-13T07:37:30","date_gmt":"2020-07-13T07:37:30","guid":{"rendered":"https:\/\/sitocarracedo.com\/condiciones-de-uso\/"},"modified":"2023-01-10T12:41:02","modified_gmt":"2023-01-10T11:41:02","slug":"terms-of-use","status":"publish","type":"page","link":"https:\/\/sitocarracedo.com\/en\/terms-of-use\/","title":{"rendered":"Terms of use"},"content":{"rendered":"<p>[et_pb_section fb_built=&#8221;1&#8243; admin_label=&#8221;section&#8221; _builder_version=&#8221;4.18.0&#8243; custom_margin=&#8221;2px||||false|false&#8221; custom_padding=&#8221;0px||||false|false&#8221; locked=&#8221;off&#8221; global_colors_info=&#8221;{}&#8221;][et_pb_row admin_label=&#8221;row&#8221; _builder_version=&#8221;4.16&#8243; background_size=&#8221;initial&#8221; background_position=&#8221;top_left&#8221; background_repeat=&#8221;repeat&#8221; global_colors_info=&#8221;{}&#8221;][et_pb_column type=&#8221;4_4&#8243; _builder_version=&#8221;4.16&#8243; custom_padding=&#8221;|||&#8221; global_colors_info=&#8221;{}&#8221; custom_padding__hover=&#8221;|||&#8221;][et_pb_text admin_label=&#8221;Text&#8221; _builder_version=&#8221;4.18.0&#8243; text_font=&#8221;Montserrat||||||||&#8221; link_text_color=&#8221;#636363&#8243; header_font=&#8221;Montserrat||||||||&#8221; header_font_size=&#8221;25px&#8221; header_letter_spacing=&#8221;1.4px&#8221; header_2_font_size=&#8221;24px&#8221; header_2_letter_spacing=&#8221;4.65px&#8221; background_size=&#8221;initial&#8221; background_position=&#8221;top_left&#8221; background_repeat=&#8221;repeat&#8221; custom_margin=&#8221;44px||||false|false&#8221; hover_enabled=&#8221;0&#8243; global_colors_info=&#8221;{}&#8221; sticky_enabled=&#8221;0&#8243;]<\/p>\n<h1>SITOCARRACEDO.COM GENERAL TERMS OF USE<\/h1>\n<p><strong>1) PERSONAL DATA<\/strong><\/p>\n<p>In order to have the obligation to inform, acording to the law 34\/2002 11th of July by the information Society and Electronic Commerce Services Act. the follow data apply;<\/p>\n<p>this site is property of Concepci\u00f3n Rodriguez Penelas with adress in R\u00faa Pombeiro 10<\/p>\n<p>Postcode; 27163, Santa Mari\u00f1a- O corgo.\u00a0 CIF registered in order to bussines register.( registration, book, sheet, etc)<\/p>\n<p>email; sitocarracedopedidos@gmail.com<\/p>\n<p><strong>2) USERS<\/strong><\/p>\n<p>By acceding and using sitocarracedo.com you agree to this general terms of use these terms apply independinly of the general agreement terms<\/p>\n<p><strong>3) USE OF THE SITE<\/strong><\/p>\n<p>sitocarracedo.com grants you a access to information, services, programs or data( the contents) that owns to Concepci\u00f3n Rodriguez Penelas and License that the users may get access. Users take the full responsability of the use of the site and may use the site and the content for your own personal use. We provide desktop and registrations access for your personal. Users take full responsability to use in a proper manner( foros, chats, news,etc) wich sitocarracedo.com offers. sitocarracedo.com prohibits posting user content that includes but is not limited, contents that<\/p>\n<ol>\n<li>i) is unlawfull and offensive to the comunity<\/li>\n<li>ii) promote racism, bigotry, hatred or physical harm of kind agains any group organization or individual, this includes material that is lewd obscene and pornographic<\/li>\n<\/ol>\n<p>iii) promote or distributes illegal or unauthorized copies of the copyright works of Concepci\u00f3n Rodriguez Penelas or other link suppliers, these includes providing pirated computer programs, links or any kind of harmful agains Concepci\u00f3n Rodriguez Penelas.<\/p>\n<p>iiii) solicits paswords or personal identifying information for comercial or unlawful purposes from other users, manipulate messages or any kind of lewd, racist, pornogrphic agains youth people. In this case Concepcion Rodriguez Penelas reserves the rights to bun from time to time this accounts.<\/p>\n<p><strong>4) PRIVACY<\/strong><\/p>\n<p>In order to organic law 15\/1999, december 13th privacy policy act. acording with spanish royal order.Concepci\u00f3n Rodriguez Penelas let the user know how we collect your personal information, the personal information we collect depending upon the nature of services provided or used and our interactions with individuals.<\/p>\n<p>Concepcion Rodriguez Penelas let you know that is in order to acomplish the law 34\/2002 11th July by the information Society and Electronics\u00a0 Commerce Services act and that may use your email for comercial pouropuses.<\/p>\n<p><strong>5) INTELECTUAL AND INDUSTRIAL PROPERTY<\/strong><\/p>\n<p>The site and the content are copyrighted intelectual and industrial of Concepcion Rodriguez Penelas or her suppliers (any copyright material, trademarks, logos, sound, audio, colors combinations, desing and estructure, property or propietary information).<\/p>\n<p><strong>COPYRIGHT<\/strong><\/p>\n<p>In order to the 8 and 32.1 act of law of Intellectual Property you may not post, ditribute or reproduce in any way any material with comercial pourpuses. the content os Concepci\u00f3n Rodriguez Penelas is only for your personal use and the user can not modify any material or content that owns Concepcion Rodriguez Penelas.<\/p>\n<p><strong>6) DISCLAIMER AND LIABILITY<\/strong><\/p>\n<p>Your use of the site is at\u00a0 your own risk and Concepci\u00f3n Rodriguez Penelas shall not be liable to you or any third part. Concepci\u00f3n Rodriguez Penelas does not represent and warrant that the funcions conteined on the site will be uninterrupted or error free, thats defects wil be conected or that the server will be free of viruses or harmfull components.<\/p>\n<p><strong>7) MODIFICATIONS<\/strong><\/p>\n<p>Concepci\u00f3n Rodriguez Penelas may modify with out notice these terms of use from time to time. We may change, delete, add any content or any services located in this site from time to time.<\/p>\n<p><strong>8) LINKS<\/strong><\/p>\n<p>If you see or use any links or conduits on the site wich allow to browse, redirect or visit any other website, web pages or other internet or web- based locations, it doesn\u00b4t means.<\/p>\n<p>Concepci\u00f3n Rodriguez Penelas is asociated with or has endorsed review or even knows anything about that website or page, we have no obligation, responsability or liability to you or anyone else if you go to another website, even if a link on the site allow to do so.<\/p>\n<p><strong>9) DICLAIMER OF EXCLUSION<\/strong><\/p>\n<p>Concepcion Rodriguez Penelas has the right to bound any user for unauthorized, prohibited use of content and unfollow the terms of us.<\/p>\n<p><strong>10) GENERAL INFORMATION<\/strong><\/p>\n<p>Concepci\u00f3n Rodriguez Penelas will prosecute and use the rights agains any unlawfull use of this website and its contents.<\/p>\n<p><strong>11) MODIFICATIONS TO TERMS OF USE<\/strong><\/p>\n<p>Concepcion Rodriguez Penelas reserves the right at any time and from time to time to modify or discontinue, temporarily or permanently, the site or any part thereof with or wtihout notice.<\/p>\n<p><strong>12) GOVERN LAW<\/strong><\/p>\n<p>Out of this website and any matter that arises and any contract between Concepci\u00f3n Rodriguez Penelas and the user through the website shall be governed by the jurisdiction of the courts of Lugo.<\/p>\n<p>[\/et_pb_text][\/et_pb_column][\/et_pb_row][\/et_pb_section]<\/p>\n","protected":false},"excerpt":{"rendered":"<p>SITOCARRACEDO.COM GENERAL TERMS OF USE 1) PERSONAL DATA In order to have the obligation to inform, acording to the law 34\/2002 11th of July by the information Society and Electronic Commerce Services Act. the follow data apply; this site is property of Concepci\u00f3n Rodriguez Penelas with adress in R\u00faa Pombeiro 10 Postcode; 27163, Santa Mari\u00f1a- [&hellip;]<\/p>\n","protected":false},"author":1,"featured_media":0,"parent":0,"menu_order":0,"comment_status":"closed","ping_status":"closed","template":"","meta":{"_et_pb_use_builder":"on","_et_pb_old_content":"","_et_gb_content_width":"","footnotes":""},"class_list":["post-12661","page","type-page","status-publish","hentry"],"yoast_head":"<!-- This site is optimized with the Yoast SEO plugin v27.5 - https:\/\/yoast.com\/product\/yoast-seo-wordpress\/ -->\n<title>Terms of use - Sito Carracedo<\/title>\n<meta name=\"robots\" content=\"index, follow, max-snippet:-1, max-image-preview:large, max-video-preview:-1\" \/>\n<link rel=\"canonical\" href=\"https:\/\/sitocarracedo.com\/en\/terms-of-use\/\" \/>\n<meta property=\"og:locale\" content=\"en_US\" \/>\n<meta property=\"og:type\" content=\"article\" \/>\n<meta property=\"og:title\" content=\"Terms of use - Sito Carracedo\" \/>\n<meta property=\"og:description\" content=\"SITOCARRACEDO.COM GENERAL TERMS OF USE 1) PERSONAL DATA In order to have the obligation to inform, acording to the law 34\/2002 11th of July by the information Society and Electronic Commerce Services Act. the follow data apply; this site is property of Concepci\u00f3n Rodriguez Penelas with adress in R\u00faa Pombeiro 10 Postcode; 27163, Santa Mari\u00f1a- [&hellip;]\" \/>\n<meta property=\"og:url\" content=\"https:\/\/sitocarracedo.com\/en\/terms-of-use\/\" \/>\n<meta property=\"og:site_name\" content=\"Sito Carracedo\" \/>\n<meta property=\"article:modified_time\" content=\"2023-01-10T11:41:02+00:00\" \/>\n<meta name=\"twitter:card\" content=\"summary_large_image\" \/>\n<meta name=\"twitter:label1\" content=\"Est. reading time\" \/>\n\t<meta name=\"twitter:data1\" content=\"8 minutes\" \/>\n<script type=\"application\/ld+json\" class=\"yoast-schema-graph\">{\"@context\":\"https:\\\/\\\/schema.org\",\"@graph\":[{\"@type\":\"WebPage\",\"@id\":\"https:\\\/\\\/sitocarracedo.com\\\/en\\\/terms-of-use\\\/\",\"url\":\"https:\\\/\\\/sitocarracedo.com\\\/en\\\/terms-of-use\\\/\",\"name\":\"Terms of use - Sito Carracedo\",\"isPartOf\":{\"@id\":\"https:\\\/\\\/sitocarracedo.com\\\/en\\\/#website\"},\"datePublished\":\"2020-07-13T07:37:30+00:00\",\"dateModified\":\"2023-01-10T11:41:02+00:00\",\"breadcrumb\":{\"@id\":\"https:\\\/\\\/sitocarracedo.com\\\/en\\\/terms-of-use\\\/#breadcrumb\"},\"inLanguage\":\"en-US\",\"potentialAction\":[{\"@type\":\"ReadAction\",\"target\":[\"https:\\\/\\\/sitocarracedo.com\\\/en\\\/terms-of-use\\\/\"]}]},{\"@type\":\"BreadcrumbList\",\"@id\":\"https:\\\/\\\/sitocarracedo.com\\\/en\\\/terms-of-use\\\/#breadcrumb\",\"itemListElement\":[{\"@type\":\"ListItem\",\"position\":1,\"name\":\"Portada\",\"item\":\"https:\\\/\\\/sitocarracedo.com\\\/en\\\/\"},{\"@type\":\"ListItem\",\"position\":2,\"name\":\"Terms of use\"}]},{\"@type\":\"WebSite\",\"@id\":\"https:\\\/\\\/sitocarracedo.com\\\/en\\\/#website\",\"url\":\"https:\\\/\\\/sitocarracedo.com\\\/en\\\/\",\"name\":\"Sito Carracedo\",\"description\":\"Galician Artisan\",\"publisher\":{\"@id\":\"https:\\\/\\\/sitocarracedo.com\\\/en\\\/#organization\"},\"potentialAction\":[{\"@type\":\"SearchAction\",\"target\":{\"@type\":\"EntryPoint\",\"urlTemplate\":\"https:\\\/\\\/sitocarracedo.com\\\/en\\\/?s={search_term_string}\"},\"query-input\":{\"@type\":\"PropertyValueSpecification\",\"valueRequired\":true,\"valueName\":\"search_term_string\"}}],\"inLanguage\":\"en-US\"},{\"@type\":\"Organization\",\"@id\":\"https:\\\/\\\/sitocarracedo.com\\\/en\\\/#organization\",\"name\":\"Sito Carracedo\",\"url\":\"https:\\\/\\\/sitocarracedo.com\\\/en\\\/\",\"logo\":{\"@type\":\"ImageObject\",\"inLanguage\":\"en-US\",\"@id\":\"https:\\\/\\\/sitocarracedo.com\\\/en\\\/#\\\/schema\\\/logo\\\/image\\\/\",\"url\":\"https:\\\/\\\/sitocarracedo.com\\\/wp-content\\\/uploads\\\/2020\\\/08\\\/icono-sitocarracedo.png\",\"contentUrl\":\"https:\\\/\\\/sitocarracedo.com\\\/wp-content\\\/uploads\\\/2020\\\/08\\\/icono-sitocarracedo.png\",\"width\":100,\"height\":100,\"caption\":\"Sito Carracedo\"},\"image\":{\"@id\":\"https:\\\/\\\/sitocarracedo.com\\\/en\\\/#\\\/schema\\\/logo\\\/image\\\/\"}}]}<\/script>\n<!-- \/ Yoast SEO plugin. -->","yoast_head_json":{"title":"Terms of use - Sito Carracedo","robots":{"index":"index","follow":"follow","max-snippet":"max-snippet:-1","max-image-preview":"max-image-preview:large","max-video-preview":"max-video-preview:-1"},"canonical":"https:\/\/sitocarracedo.com\/en\/terms-of-use\/","og_locale":"en_US","og_type":"article","og_title":"Terms of use - Sito Carracedo","og_description":"SITOCARRACEDO.COM GENERAL TERMS OF USE 1) PERSONAL DATA In order to have the obligation to inform, acording to the law 34\/2002 11th of July by the information Society and Electronic Commerce Services Act. the follow data apply; this site is property of Concepci\u00f3n Rodriguez Penelas with adress in R\u00faa Pombeiro 10 Postcode; 27163, Santa Mari\u00f1a- [&hellip;]","og_url":"https:\/\/sitocarracedo.com\/en\/terms-of-use\/","og_site_name":"Sito Carracedo","article_modified_time":"2023-01-10T11:41:02+00:00","twitter_card":"summary_large_image","twitter_misc":{"Est. reading time":"8 minutes"},"schema":{"@context":"https:\/\/schema.org","@graph":[{"@type":"WebPage","@id":"https:\/\/sitocarracedo.com\/en\/terms-of-use\/","url":"https:\/\/sitocarracedo.com\/en\/terms-of-use\/","name":"Terms of use - Sito Carracedo","isPartOf":{"@id":"https:\/\/sitocarracedo.com\/en\/#website"},"datePublished":"2020-07-13T07:37:30+00:00","dateModified":"2023-01-10T11:41:02+00:00","breadcrumb":{"@id":"https:\/\/sitocarracedo.com\/en\/terms-of-use\/#breadcrumb"},"inLanguage":"en-US","potentialAction":[{"@type":"ReadAction","target":["https:\/\/sitocarracedo.com\/en\/terms-of-use\/"]}]},{"@type":"BreadcrumbList","@id":"https:\/\/sitocarracedo.com\/en\/terms-of-use\/#breadcrumb","itemListElement":[{"@type":"ListItem","position":1,"name":"Portada","item":"https:\/\/sitocarracedo.com\/en\/"},{"@type":"ListItem","position":2,"name":"Terms of use"}]},{"@type":"WebSite","@id":"https:\/\/sitocarracedo.com\/en\/#website","url":"https:\/\/sitocarracedo.com\/en\/","name":"Sito Carracedo","description":"Galician Artisan","publisher":{"@id":"https:\/\/sitocarracedo.com\/en\/#organization"},"potentialAction":[{"@type":"SearchAction","target":{"@type":"EntryPoint","urlTemplate":"https:\/\/sitocarracedo.com\/en\/?s={search_term_string}"},"query-input":{"@type":"PropertyValueSpecification","valueRequired":true,"valueName":"search_term_string"}}],"inLanguage":"en-US"},{"@type":"Organization","@id":"https:\/\/sitocarracedo.com\/en\/#organization","name":"Sito Carracedo","url":"https:\/\/sitocarracedo.com\/en\/","logo":{"@type":"ImageObject","inLanguage":"en-US","@id":"https:\/\/sitocarracedo.com\/en\/#\/schema\/logo\/image\/","url":"https:\/\/sitocarracedo.com\/wp-content\/uploads\/2020\/08\/icono-sitocarracedo.png","contentUrl":"https:\/\/sitocarracedo.com\/wp-content\/uploads\/2020\/08\/icono-sitocarracedo.png","width":100,"height":100,"caption":"Sito Carracedo"},"image":{"@id":"https:\/\/sitocarracedo.com\/en\/#\/schema\/logo\/image\/"}}]}},"_links":{"self":[{"href":"https:\/\/sitocarracedo.com\/en\/wp-json\/wp\/v2\/pages\/12661","targetHints":{"allow":["GET"]}}],"collection":[{"href":"https:\/\/sitocarracedo.com\/en\/wp-json\/wp\/v2\/pages"}],"about":[{"href":"https:\/\/sitocarracedo.com\/en\/wp-json\/wp\/v2\/types\/page"}],"author":[{"embeddable":true,"href":"https:\/\/sitocarracedo.com\/en\/wp-json\/wp\/v2\/users\/1"}],"replies":[{"embeddable":true,"href":"https:\/\/sitocarracedo.com\/en\/wp-json\/wp\/v2\/comments?post=12661"}],"version-history":[{"count":2,"href":"https:\/\/sitocarracedo.com\/en\/wp-json\/wp\/v2\/pages\/12661\/revisions"}],"predecessor-version":[{"id":14197,"href":"https:\/\/sitocarracedo.com\/en\/wp-json\/wp\/v2\/pages\/12661\/revisions\/14197"}],"wp:attachment":[{"href":"https:\/\/sitocarracedo.com\/en\/wp-json\/wp\/v2\/media?parent=12661"}],"curies":[{"name":"wp","href":"https:\/\/api.w.org\/{rel}","templated":true}]}}