{"id":12659,"date":"2020-07-13T07:38:42","date_gmt":"2020-07-13T07:38:42","guid":{"rendered":"https:\/\/sitocarracedo.com\/condiciones-de-compra\/"},"modified":"2023-01-10T12:46:29","modified_gmt":"2023-01-10T11:46:29","slug":"general-terms-and-conditions","status":"publish","type":"page","link":"https:\/\/sitocarracedo.com\/en\/general-terms-and-conditions\/","title":{"rendered":"General Terms and Conditions"},"content":{"rendered":"<p>[et_pb_section fb_built=&#8221;1&#8243; admin_label=&#8221;section&#8221; _builder_version=&#8221;4.18.0&#8243; custom_margin=&#8221;2px||||false|false&#8221; custom_padding=&#8221;0px||||false|false&#8221; locked=&#8221;off&#8221; global_colors_info=&#8221;{}&#8221; theme_builder_area=&#8221;post_content&#8221;][et_pb_row admin_label=&#8221;row&#8221; _builder_version=&#8221;4.16&#8243; background_size=&#8221;initial&#8221; background_position=&#8221;top_left&#8221; background_repeat=&#8221;repeat&#8221; global_colors_info=&#8221;{}&#8221; theme_builder_area=&#8221;post_content&#8221;][et_pb_column type=&#8221;4_4&#8243; _builder_version=&#8221;4.16&#8243; custom_padding=&#8221;|||&#8221; global_colors_info=&#8221;{}&#8221; custom_padding__hover=&#8221;|||&#8221; theme_builder_area=&#8221;post_content&#8221;][et_pb_text admin_label=&#8221;Text&#8221; _builder_version=&#8221;4.18.0&#8243; text_font=&#8221;Montserrat||||||||&#8221; link_text_color=&#8221;#636363&#8243; header_font=&#8221;Montserrat||||||||&#8221; header_font_size=&#8221;25px&#8221; header_letter_spacing=&#8221;1.4px&#8221; header_2_font_size=&#8221;24px&#8221; header_2_letter_spacing=&#8221;4.65px&#8221; background_size=&#8221;initial&#8221; background_position=&#8221;top_left&#8221; background_repeat=&#8221;repeat&#8221; custom_margin=&#8221;44px||||false|false&#8221; hover_enabled=&#8221;0&#8243; global_colors_info=&#8221;{}&#8221; theme_builder_area=&#8221;post_content&#8221; sticky_enabled=&#8221;0&#8243;]<\/p>\n<h1>GENERAL TERMS AND CONDITIONS<\/h1>\n<p>This page provides information about who we are and the legal terms and conditions that we apply to your use of the web sitocarracedo.com by the law 34\/2002 11th July by the Information Society and Electronic Commerce Services Act.<\/p>\n<p>Contact:\u00a0 Concepci\u00f3n Rodr\u00edguez Penelas<br \/>Adress: R\u00faa Pombeiro 10,<br \/>Postcode: 27163<br \/>Santa Mari\u00f1a \u2013 O Corgo<\/p>\n<p><strong>1) DELIVERY AREA<\/strong><\/p>\n<p>No limits<\/p>\n<p><strong>2)PURCHASER TERMS<\/strong><\/p>\n<p>By purchasing through the sitocarracedo.com you comfirm the following terms and conditions<\/p>\n<p>A) you comfirm that you have agree to the website terms<br \/>B) you are older 18<br \/>C) you may purchase solely for your own personal use and you may not for any comercial exploitation whatsoever<br \/>D) you may purchase items to be deliver only to the adress that you have been register as sitocarracedo.com user<\/p>\n<p><strong>3) DELIVERY TERMS AND CONDITIONS<\/strong><\/p>\n<p>3.1)\u00a0 All products that you order through the sitocarracedo.com must be comfirm by us<\/p>\n<p>We will notify you by email adress as soon as posible sitocarracedo.com only will deliver the cuantity and the products that have been confirmed<\/p>\n<p>3.2) The confirmation of your order will be ready\u00a0 within 48 and 96 hours of the date you place your order.<\/p>\n<p>The date of delivery may change in order to the type of the product adress or stock.<\/p>\n<p>3.3) You should check all proucts you receive against your order. If the products you receive are damage or incorrectly<\/p>\n<p>Supplied on delivery then you must note the details of any damage or error<\/p>\n<p>In supply on the delivery documentation within 24 hours and you must inform us by email to sitorracedopedidos@gmail.com informing us that the products\u00a0 are damage<\/p>\n<p>Or incorrectly supplied<\/p>\n<p><strong>4) CONSUMER RIGTHS<\/strong><\/p>\n<p>4.1) Applicabilty of cancellation right<\/p>\n<p>You can cancell your order within 14 natural days of the date of the reception of your product<\/p>\n<p>In this cases you will be refund of the product and also the delivery charges according to the refund<\/p>\n<p>Terms policy(6.1)<\/p>\n<p>4.2) To cancell your order you must give a notice within 14 natural days and you must give back inmediately the Product and you will asumme the delivery charges<\/p>\n<p><strong>5) PAYMENT TERMS<\/strong><\/p>\n<p>5.1) Prices of every product are the ones shown in the website<\/p>\n<p>5.2) All prices are VAT included<\/p>\n<p>5.3) Prices may be modify at everytime but this changes may not affect the ones have been confirmed<\/p>\n<p>5.4) In any case and any circumstance that was not the choice of sitocarracedo.com<\/p>\n<p>Any mistake about any prices and this can be obvious by the purcharser sitocarracedo.com<\/p>\n<p>Can stop suppling that product becouse of the mistake of the price<\/p>\n<p>Also in the case that your order have been confirmed<\/p>\n<p>5.5) the payment of your orders\u00a0 can be made by credit or debit card through the credit card reader In the website, in this case we will charge you first and then we will send your order payment must be made at once before to receive your order as follow; by credit or debit card through the credit card reader, in this case sitocarracedo.com bank must confirm your payment before to put through your order<\/p>\n<p><strong>6) REFUND POLICY<\/strong><\/p>\n<p>6.1)If you choose to return any products to us, you must do it by post telling us the reasons of your return, your full name and your bank account details<\/p>\n<p>E-mail: sitocarracedopedidos@gmail.com<\/p>\n<p>Adress: R\u00faa Pombeiro 10<br \/>Postcode: 27163, Santa Mari\u00f1a-O Corgo<\/p>\n<p>also you can phone us in; 0034 675808460<\/p>\n<p>6.2) If you cancel a product or service you have order from us please beaware of the following terms that apply<\/p>\n<p>a) Applicability of cancelation rights;<\/p>\n<p>you can cancel your order within a 14 natural days, we will check the product and we will refund you within 14 natural days of the date of the reception of your cancellation, in this case we will rfund you the full amount of the product and also the delivery charges but you will asume the charges of the return to us<\/p>\n<p>b) Damage; we will check the product that has been refund and we will notify you if you are or not entitle for a refund by email if you are entitle for a refund, we will refund you as soon as posible wtihin 14 natural days of the date of the confirmation of your refund in this case we will refund you the full amount of the product and also the delivery charges. We will refund the charges of the return to us<\/p>\n<p>6.3) The refund will be by bank transfer to your account<\/p>\n<p><strong>7)\u00a0 CHANGES TO THESE WEBSITE TERMS<\/strong><\/p>\n<p>7.1) sitocarracedo.com reserve the right to change and update these website terms from time to time.<\/p>\n<p>This can be at any term of this website<\/p>\n<p>7.2) These general terms apply to any order you place through the sitocarracedo.com unless any matter or changes in this terms and conditions arises by spanish law and subjet to the exclusive jurisdiction of the spanish court<\/p>\n<p><strong>8) PRIVACY POLICY<\/strong><\/p>\n<p>In order to organic law 15\/1999 13th December Privacy Policy we inform that Concepci\u00f3n Rodr\u00edguez Penelas may collect, use, store and transfer the types of personal data of you for the follow pupouses; to enter into the terms of a contract with you to comply with the legal obligations for marketing pourpuses in the case you agree<\/p>\n<p>You have the legal right to acces, correction, erasure and object your data if you wish to exercise any of your rights, please contact by post to;<\/p>\n<p>Adress: R\u00faa Pombeiro 10<br \/>Postcode: 27163, Santa Mari\u00f1a \u2013 O Corgo<\/p>\n<p>or by email to; sitocarracedopedidos@gmail.com<\/p>\n<p>by accessing such third party applications, you may anable the relevant third to collect or share your personal data. you have the legal right to erasure this by email or post<\/p>\n<p><strong>9) LAW AND JURISDICTION<\/strong><\/p>\n<p>Any matter that arises out of this website (including any contract entered between you and us through the website) shall be governed by spanish law and subject to the exclusive jurisdiction of thecourts of Spain. All contracts shall be concluded in spanishwith the agreement of\u00a0 Concepci\u00f3n Rodr\u00edguez Penelas partieas exclusive jurisdiction of the courts of Lugo.<\/p>\n<p>[\/et_pb_text][\/et_pb_column][\/et_pb_row][\/et_pb_section]<\/p>\n","protected":false},"excerpt":{"rendered":"<p>GENERAL TERMS AND CONDITIONS This page provides information about who we are and the legal terms and conditions that we apply to your use of the web sitocarracedo.com by the law 34\/2002 11th July by the Information Society and Electronic Commerce Services Act. Contact:\u00a0 Concepci\u00f3n Rodr\u00edguez PenelasAdress: R\u00faa Pombeiro 10,Postcode: 27163Santa Mari\u00f1a \u2013 O Corgo [&hellip;]<\/p>\n","protected":false},"author":1,"featured_media":0,"parent":0,"menu_order":0,"comment_status":"closed","ping_status":"closed","template":"","meta":{"_et_pb_use_builder":"on","_et_pb_old_content":"","_et_gb_content_width":"","footnotes":""},"class_list":["post-12659","page","type-page","status-publish","hentry"],"yoast_head":"<!-- This site is optimized with the Yoast SEO plugin v27.4 - https:\/\/yoast.com\/product\/yoast-seo-wordpress\/ -->\n<title>General Terms and Conditions - Sito Carracedo<\/title>\n<meta name=\"robots\" content=\"index, follow, max-snippet:-1, max-image-preview:large, max-video-preview:-1\" \/>\n<link rel=\"canonical\" href=\"https:\/\/sitocarracedo.com\/en\/general-terms-and-conditions\/\" \/>\n<meta property=\"og:locale\" content=\"en_US\" \/>\n<meta property=\"og:type\" content=\"article\" \/>\n<meta property=\"og:title\" content=\"General Terms and Conditions - Sito Carracedo\" \/>\n<meta property=\"og:description\" content=\"GENERAL TERMS AND CONDITIONS This page provides information about who we are and the legal terms and conditions that we apply to your use of the web sitocarracedo.com by the law 34\/2002 11th July by the Information Society and Electronic Commerce Services Act. Contact:\u00a0 Concepci\u00f3n Rodr\u00edguez PenelasAdress: R\u00faa Pombeiro 10,Postcode: 27163Santa Mari\u00f1a \u2013 O Corgo [&hellip;]\" \/>\n<meta property=\"og:url\" content=\"https:\/\/sitocarracedo.com\/en\/general-terms-and-conditions\/\" \/>\n<meta property=\"og:site_name\" content=\"Sito Carracedo\" \/>\n<meta property=\"article:modified_time\" content=\"2023-01-10T11:46:29+00:00\" \/>\n<meta name=\"twitter:card\" content=\"summary_large_image\" \/>\n<meta name=\"twitter:label1\" content=\"Est. reading time\" \/>\n\t<meta name=\"twitter:data1\" content=\"6 minutes\" \/>\n<script type=\"application\/ld+json\" class=\"yoast-schema-graph\">{\"@context\":\"https:\\\/\\\/schema.org\",\"@graph\":[{\"@type\":\"WebPage\",\"@id\":\"https:\\\/\\\/sitocarracedo.com\\\/en\\\/general-terms-and-conditions\\\/\",\"url\":\"https:\\\/\\\/sitocarracedo.com\\\/en\\\/general-terms-and-conditions\\\/\",\"name\":\"General Terms and Conditions - Sito Carracedo\",\"isPartOf\":{\"@id\":\"https:\\\/\\\/sitocarracedo.com\\\/en\\\/#website\"},\"datePublished\":\"2020-07-13T07:38:42+00:00\",\"dateModified\":\"2023-01-10T11:46:29+00:00\",\"breadcrumb\":{\"@id\":\"https:\\\/\\\/sitocarracedo.com\\\/en\\\/general-terms-and-conditions\\\/#breadcrumb\"},\"inLanguage\":\"en-US\",\"potentialAction\":[{\"@type\":\"ReadAction\",\"target\":[\"https:\\\/\\\/sitocarracedo.com\\\/en\\\/general-terms-and-conditions\\\/\"]}]},{\"@type\":\"BreadcrumbList\",\"@id\":\"https:\\\/\\\/sitocarracedo.com\\\/en\\\/general-terms-and-conditions\\\/#breadcrumb\",\"itemListElement\":[{\"@type\":\"ListItem\",\"position\":1,\"name\":\"Portada\",\"item\":\"https:\\\/\\\/sitocarracedo.com\\\/en\\\/\"},{\"@type\":\"ListItem\",\"position\":2,\"name\":\"General Terms and Conditions\"}]},{\"@type\":\"WebSite\",\"@id\":\"https:\\\/\\\/sitocarracedo.com\\\/en\\\/#website\",\"url\":\"https:\\\/\\\/sitocarracedo.com\\\/en\\\/\",\"name\":\"Sito Carracedo\",\"description\":\"Galician Artisan\",\"publisher\":{\"@id\":\"https:\\\/\\\/sitocarracedo.com\\\/en\\\/#organization\"},\"potentialAction\":[{\"@type\":\"SearchAction\",\"target\":{\"@type\":\"EntryPoint\",\"urlTemplate\":\"https:\\\/\\\/sitocarracedo.com\\\/en\\\/?s={search_term_string}\"},\"query-input\":{\"@type\":\"PropertyValueSpecification\",\"valueRequired\":true,\"valueName\":\"search_term_string\"}}],\"inLanguage\":\"en-US\"},{\"@type\":\"Organization\",\"@id\":\"https:\\\/\\\/sitocarracedo.com\\\/en\\\/#organization\",\"name\":\"Sito Carracedo\",\"url\":\"https:\\\/\\\/sitocarracedo.com\\\/en\\\/\",\"logo\":{\"@type\":\"ImageObject\",\"inLanguage\":\"en-US\",\"@id\":\"https:\\\/\\\/sitocarracedo.com\\\/en\\\/#\\\/schema\\\/logo\\\/image\\\/\",\"url\":\"https:\\\/\\\/sitocarracedo.com\\\/wp-content\\\/uploads\\\/2020\\\/08\\\/icono-sitocarracedo.png\",\"contentUrl\":\"https:\\\/\\\/sitocarracedo.com\\\/wp-content\\\/uploads\\\/2020\\\/08\\\/icono-sitocarracedo.png\",\"width\":100,\"height\":100,\"caption\":\"Sito Carracedo\"},\"image\":{\"@id\":\"https:\\\/\\\/sitocarracedo.com\\\/en\\\/#\\\/schema\\\/logo\\\/image\\\/\"}}]}<\/script>\n<!-- \/ Yoast SEO plugin. -->","yoast_head_json":{"title":"General Terms and Conditions - Sito Carracedo","robots":{"index":"index","follow":"follow","max-snippet":"max-snippet:-1","max-image-preview":"max-image-preview:large","max-video-preview":"max-video-preview:-1"},"canonical":"https:\/\/sitocarracedo.com\/en\/general-terms-and-conditions\/","og_locale":"en_US","og_type":"article","og_title":"General Terms and Conditions - Sito Carracedo","og_description":"GENERAL TERMS AND CONDITIONS This page provides information about who we are and the legal terms and conditions that we apply to your use of the web sitocarracedo.com by the law 34\/2002 11th July by the Information Society and Electronic Commerce Services Act. Contact:\u00a0 Concepci\u00f3n Rodr\u00edguez PenelasAdress: R\u00faa Pombeiro 10,Postcode: 27163Santa Mari\u00f1a \u2013 O Corgo [&hellip;]","og_url":"https:\/\/sitocarracedo.com\/en\/general-terms-and-conditions\/","og_site_name":"Sito Carracedo","article_modified_time":"2023-01-10T11:46:29+00:00","twitter_card":"summary_large_image","twitter_misc":{"Est. reading time":"6 minutes"},"schema":{"@context":"https:\/\/schema.org","@graph":[{"@type":"WebPage","@id":"https:\/\/sitocarracedo.com\/en\/general-terms-and-conditions\/","url":"https:\/\/sitocarracedo.com\/en\/general-terms-and-conditions\/","name":"General Terms and Conditions - Sito Carracedo","isPartOf":{"@id":"https:\/\/sitocarracedo.com\/en\/#website"},"datePublished":"2020-07-13T07:38:42+00:00","dateModified":"2023-01-10T11:46:29+00:00","breadcrumb":{"@id":"https:\/\/sitocarracedo.com\/en\/general-terms-and-conditions\/#breadcrumb"},"inLanguage":"en-US","potentialAction":[{"@type":"ReadAction","target":["https:\/\/sitocarracedo.com\/en\/general-terms-and-conditions\/"]}]},{"@type":"BreadcrumbList","@id":"https:\/\/sitocarracedo.com\/en\/general-terms-and-conditions\/#breadcrumb","itemListElement":[{"@type":"ListItem","position":1,"name":"Portada","item":"https:\/\/sitocarracedo.com\/en\/"},{"@type":"ListItem","position":2,"name":"General Terms and Conditions"}]},{"@type":"WebSite","@id":"https:\/\/sitocarracedo.com\/en\/#website","url":"https:\/\/sitocarracedo.com\/en\/","name":"Sito Carracedo","description":"Galician Artisan","publisher":{"@id":"https:\/\/sitocarracedo.com\/en\/#organization"},"potentialAction":[{"@type":"SearchAction","target":{"@type":"EntryPoint","urlTemplate":"https:\/\/sitocarracedo.com\/en\/?s={search_term_string}"},"query-input":{"@type":"PropertyValueSpecification","valueRequired":true,"valueName":"search_term_string"}}],"inLanguage":"en-US"},{"@type":"Organization","@id":"https:\/\/sitocarracedo.com\/en\/#organization","name":"Sito Carracedo","url":"https:\/\/sitocarracedo.com\/en\/","logo":{"@type":"ImageObject","inLanguage":"en-US","@id":"https:\/\/sitocarracedo.com\/en\/#\/schema\/logo\/image\/","url":"https:\/\/sitocarracedo.com\/wp-content\/uploads\/2020\/08\/icono-sitocarracedo.png","contentUrl":"https:\/\/sitocarracedo.com\/wp-content\/uploads\/2020\/08\/icono-sitocarracedo.png","width":100,"height":100,"caption":"Sito Carracedo"},"image":{"@id":"https:\/\/sitocarracedo.com\/en\/#\/schema\/logo\/image\/"}}]}},"_links":{"self":[{"href":"https:\/\/sitocarracedo.com\/en\/wp-json\/wp\/v2\/pages\/12659","targetHints":{"allow":["GET"]}}],"collection":[{"href":"https:\/\/sitocarracedo.com\/en\/wp-json\/wp\/v2\/pages"}],"about":[{"href":"https:\/\/sitocarracedo.com\/en\/wp-json\/wp\/v2\/types\/page"}],"author":[{"embeddable":true,"href":"https:\/\/sitocarracedo.com\/en\/wp-json\/wp\/v2\/users\/1"}],"replies":[{"embeddable":true,"href":"https:\/\/sitocarracedo.com\/en\/wp-json\/wp\/v2\/comments?post=12659"}],"version-history":[{"count":1,"href":"https:\/\/sitocarracedo.com\/en\/wp-json\/wp\/v2\/pages\/12659\/revisions"}],"predecessor-version":[{"id":14208,"href":"https:\/\/sitocarracedo.com\/en\/wp-json\/wp\/v2\/pages\/12659\/revisions\/14208"}],"wp:attachment":[{"href":"https:\/\/sitocarracedo.com\/en\/wp-json\/wp\/v2\/media?parent=12659"}],"curies":[{"name":"wp","href":"https:\/\/api.w.org\/{rel}","templated":true}]}}